{"id":1489,"date":"2024-08-10T20:48:11","date_gmt":"2024-08-10T17:48:11","guid":{"rendered":"https:\/\/www.srkvaki.fi\/?page_id=1489"},"modified":"2024-08-10T20:48:11","modified_gmt":"2024-08-10T17:48:11","slug":"juha-pekka-skytta","status":"publish","type":"page","link":"https:\/\/www.srkvaki.fi\/index.php\/juha-pekka-skytta\/","title":{"rendered":"Juha-Pekka Skytt\u00e4"},"content":{"rendered":"\n<div class=\"wp-block-columns is-layout-flex wp-container-core-columns-is-layout-9d6595d7 wp-block-columns-is-layout-flex\">\n<div class=\"wp-block-column is-layout-flow wp-block-column-is-layout-flow\" style=\"flex-basis:33.33%\">\n<figure class=\"wp-block-image size-full\"><img loading=\"lazy\" decoding=\"async\" width=\"260\" height=\"331\" src=\"https:\/\/www.srkvaki.fi\/wp-content\/uploads\/2023\/04\/skytta_juha_pekka_harjun_srk.jpg\" alt=\"\" class=\"wp-image-234\" srcset=\"https:\/\/www.srkvaki.fi\/wp-content\/uploads\/2023\/04\/skytta_juha_pekka_harjun_srk.jpg 260w, https:\/\/www.srkvaki.fi\/wp-content\/uploads\/2023\/04\/skytta_juha_pekka_harjun_srk-236x300.jpg 236w\" sizes=\"auto, (max-width: 260px) 100vw, 260px\" \/><\/figure>\n<\/div>\n\n\n\n<div class=\"wp-block-column is-layout-flow wp-block-column-is-layout-flow\" style=\"flex-basis:66.66%\">\n<p>Seurakunta: Harjun seurakunta<\/p>\n\n\n\n<p>J\u00e4sen Harjun seurakunnan seurakuntaneuvostossa<\/p>\n\n\n\n<p>Varaj\u00e4sen Kiinteist\u00f6- ja hautaustoimen johtokunnassa<\/p>\n\n\n\n<p>Asuinpaikka: Hyhky<\/p>\n\n\n\n<p>Arvo\/ammatti: S\u00e4hk\u00f6asentaja<\/p>\n<\/div>\n<\/div>\n\n\n\n<p>Olen 43-vuotias perheenis\u00e4 Tampereen Hyhkyn kyl\u00e4st\u00e4. Perheeseeni kuuluvat vaimo, 16-vuotias poika ja 3-vuotias villakoira. &nbsp;<\/p>\n\n\n\n<p>Vaimoni on t\u00f6iss\u00e4 naapuriseurakunnassa, ja poikamme aloitti juuri opiskelut lukiossa. T\u00f6iss\u00e4 olen Tampereen Kotilinnas\u00e4\u00e4ti\u00f6ss\u00e4 erikoisammattimiehen\u00e4. Koulutukseltani olen s\u00e4hk\u00f6asentaja.&nbsp;<\/p>\n\n\n\n<p>Ty\u00f6ni Kotilinnas\u00e4\u00e4ti\u00f6ss\u00e4 on her\u00e4tt\u00e4nyt n\u00e4kem\u00e4\u00e4n ik\u00e4ihmisten el\u00e4m\u00e4n kokemusmaailmaa ja arkea.<\/p>\n\n\n\n<p>Harjun seurakunta on ollut kotiseurakuntani valtaosan el\u00e4m\u00e4st\u00e4ni.<\/p>\n\n\n\n<p><strong>Nuorisoty\u00f6 tempaisi nuorena mukaan toimintaan<\/strong><\/p>\n\n\n\n<p>Rippileiri ja rippikoulun j\u00e4lkeinen isostoiminta sai j\u00e4\u00e4m\u00e4\u00e4n mukaan seurakunnan toimintaan.&nbsp;Oma isonen kutsui l\u00e4htem\u00e4\u00e4n mukaan toimintaan ja sill\u00e4 tiell\u00e4 ollaan viel\u00e4kin. Nuoruusvuosina kerkesin toimia monet kerrat ensin isosena, sitten apuopettajana, leirimuusikkona ja lopulta rippikoulun ohjaajanakin. Nuoren seurakunnan rippikoululaulut ja gospel-musiikki j\u00e4iv\u00e4t sieluuni el\u00e4m\u00e4\u00e4n. Olen ollut my\u00f6s mukana erityisnuorisoty\u00f6n ja nuorten aikuisten toiminnassa vastuunkantajana.&nbsp;<\/p>\n\n\n\n<p><strong>Monessa menossa mukana<\/strong><\/p>\n\n\n\n<p>Maanantai-iltaisin ved\u00e4n nuorten kitara- ja ukulelekoulua Pispalan kirkolla.&nbsp;<\/p>\n\n\n\n<p>V\u00e4lill\u00e4 toimin my\u00f6s mukana \u00e4\u00e4nentoistohommissa nuorten aikuisten Uuden Verson Varikko-messuissa. Olen my\u00f6s mukana Lietsugospel-ty\u00f6ryhm\u00e4ss\u00e4, joka suunnittelee ja toteuttaa Lielahden kirkossa noin kerran kuukaudessa j\u00e4rjestett\u00e4vi\u00e4 gospel-konsertteja.<\/p>\n\n\n\n<p><strong>Kokemusta luottamusteht\u00e4viss\u00e4<\/strong><\/p>\n\n\n\n<p>Luottamusteht\u00e4vist\u00e4 on kertynyt aikaisemmin kokemusta sek\u00e4 seurakuntaneuvostosta, ett\u00e4 yhteisest\u00e4 kirkkovaltuustosta, yhteens\u00e4 noin kolmen vaalikauden ajalta. Ty\u00f6yhteis\u00f6ss\u00e4 toimin ty\u00f6suojeluvaltuutettuna.&nbsp;<\/p>\n\n\n\n<p>&nbsp;<strong>Merkityksellinen kirkko<\/strong><\/p>\n\n\n\n<p>Kirkon tulee tietoisesti toimia kohti j\u00e4senilleen merkityksellist\u00e4 kirkkoa. Kirkosta eroaminen saadaan laskuun vain yhteis\u00f6j\u00e4 rakentamalla. Toiminnan t\u00e4ytyy vastata my\u00f6s ihmisen sosiaalisen ja yhteis\u00f6llisen kohtaamisen tarpeisiin.<\/p>\n\n\n\n<p>Seurakuntaan halutaan sitoutua jos se koetaan henkil\u00f6kohtaisesti merkitykselliseksi. Seurakuntalainen on kirkon omistajaj\u00e4sen. J\u00e4senl\u00e4ht\u00f6inen seurakunta voi hyvin.<\/p>\n\n\n\n<p><strong>Syd\u00e4nt\u00e4 l\u00e4hell\u00e4 nuoret ja vanhukset<\/strong><\/p>\n\n\n\n<p>Tampereella on vahvat perinteet osaavasta ja ammattitaitoisesta lapsi- ja nuorisoty\u00f6st\u00e4, silti nuorisoty\u00f6ss\u00e4 syntynyt yhteys ei usein kanna l\u00e4pi ruuhkavuosien. Siltaa nuorisoty\u00f6st\u00e4 nuorten aikuisten toimintaan pit\u00e4\u00e4 vahvistaa.<\/p>\n\n\n\n<p>Kohtaan ty\u00f6ss\u00e4ni paljon yksin asuvia vanhuksia. Tarve l\u00e4himm\u00e4iselle on edelleen olemassa. Seurakunnalla olisi nykyist\u00e4kin enemm\u00e4n sijaa my\u00f6s ik\u00e4\u00e4ntyneiden seurakuntalaistensa el\u00e4m\u00e4ss\u00e4.<\/p>\n\n\n\n<p>P\u00e4\u00e4t\u00f6ksenteossa haluan kuunnella erilaisia n\u00e4k\u00f6kulmia kuitenkin tinkim\u00e4tt\u00e4 omista arvoistani.<\/p>\n\n\n\n<p>Koen velvollisuudekseni olla mahdollistamassa kokemani hyv\u00e4n v\u00e4litt\u00e4misen my\u00f6s tuleville polville.<\/p>\n","protected":false},"excerpt":{"rendered":"<p>Seurakunta: Harjun seurakunta J\u00e4sen Harjun seurakunnan seurakuntaneuvostossa Varaj\u00e4sen Kiinteist\u00f6- ja hautaustoimen johtokunnassa Asuinpaikka: Hyhky Arvo\/ammatti:<\/p>\n","protected":false},"author":1,"featured_media":0,"parent":0,"menu_order":0,"comment_status":"closed","ping_status":"closed","template":"","meta":{"footnotes":""},"class_list":["post-1489","page","type-page","status-publish","hentry"],"_links":{"self":[{"href":"https:\/\/www.srkvaki.fi\/index.php\/wp-json\/wp\/v2\/pages\/1489","targetHints":{"allow":["GET"]}}],"collection":[{"href":"https:\/\/www.srkvaki.fi\/index.php\/wp-json\/wp\/v2\/pages"}],"about":[{"href":"https:\/\/www.srkvaki.fi\/index.php\/wp-json\/wp\/v2\/types\/page"}],"author":[{"embeddable":true,"href":"https:\/\/www.srkvaki.fi\/index.php\/wp-json\/wp\/v2\/users\/1"}],"replies":[{"embeddable":true,"href":"https:\/\/www.srkvaki.fi\/index.php\/wp-json\/wp\/v2\/comments?post=1489"}],"version-history":[{"count":2,"href":"https:\/\/www.srkvaki.fi\/index.php\/wp-json\/wp\/v2\/pages\/1489\/revisions"}],"predecessor-version":[{"id":1491,"href":"https:\/\/www.srkvaki.fi\/index.php\/wp-json\/wp\/v2\/pages\/1489\/revisions\/1491"}],"wp:attachment":[{"href":"https:\/\/www.srkvaki.fi\/index.php\/wp-json\/wp\/v2\/media?parent=1489"}],"curies":[{"name":"wp","href":"https:\/\/api.w.org\/{rel}","templated":true}]}}