{"id":189,"date":"2023-04-08T13:23:11","date_gmt":"2023-04-08T13:23:11","guid":{"rendered":"https:\/\/www.srkvaki.fi\/?page_id=189"},"modified":"2024-08-10T20:19:49","modified_gmt":"2024-08-10T17:19:49","slug":"antti-pitkamaki","status":"publish","type":"page","link":"https:\/\/www.srkvaki.fi\/index.php\/ryhmamme-edustajat-seurakuntaneuvostoissa\/antti-pitkamaki\/","title":{"rendered":"Antti Pitk\u00e4m\u00e4ki"},"content":{"rendered":"\n<div class=\"wp-block-columns is-layout-flex wp-container-core-columns-is-layout-9d6595d7 wp-block-columns-is-layout-flex\">\n<div class=\"wp-block-column is-layout-flow wp-block-column-is-layout-flow\" style=\"flex-basis:33.33%\">\n<figure class=\"wp-block-image size-full\"><img loading=\"lazy\" decoding=\"async\" width=\"500\" height=\"750\" src=\"https:\/\/www.srkvaki.fi\/wp-content\/uploads\/2023\/04\/pitkamaki_antti2.jpg\" alt=\"\" class=\"wp-image-179\" srcset=\"https:\/\/www.srkvaki.fi\/wp-content\/uploads\/2023\/04\/pitkamaki_antti2.jpg 500w, https:\/\/www.srkvaki.fi\/wp-content\/uploads\/2023\/04\/pitkamaki_antti2-200x300.jpg 200w\" sizes=\"auto, (max-width: 500px) 100vw, 500px\" \/><\/figure>\n<\/div>\n\n\n\n<div class=\"wp-block-column is-layout-flow wp-block-column-is-layout-flow\" style=\"flex-basis:66.66%\">\n<p>J\u00e4sen Yhteisess\u00e4 kirkkovaltuustossa<\/p>\n\n\n\n<p>J\u00e4sen Etel\u00e4isen seurakunnan seurakuntaneuvostossa<\/p>\n\n\n\n<p>Varaj\u00e4sen Yhteisess\u00e4 kirkkoneuvostossa<\/p>\n\n\n\n<p>Asuinpaikka: Hervanta<\/p>\n\n\n\n<p>Arvo\/ammatti: diplomi-insin\u00f6\u00f6ri<\/p>\n\n\n\n<p><\/p>\n<\/div>\n<\/div>\n\n\n\n<p>Olen diplomi-insin\u00f6\u00f6ri ja IT-alan ty\u00f6ntekij\u00e4 Hervannasta. Olen l\u00e4ht\u00f6isin Etel\u00e4-Pohjanmaalta, mutta olen asunut nyt Tampereella jo yli 25 vuotta.<\/p>\n\n\n\n<p>Minulle t\u00e4rkeint\u00e4 kirkon palveluissa on seurakuntayhteys: Usko vahvistuu, kun on mahdollisuus yhteisiin asioihin ja keskusteluihin muiden uskovien kanssa. N\u00e4en my\u00f6s t\u00e4rke\u00e4n\u00e4, ett\u00e4 seurakunnan toiminnassa huomioidaan ihminen: Mielitekomme ja toimintamme ei aina ole oikeita, mutta kaikkine puutteinemmekin olemme silti rakkaita Jumalalle.<\/p>\n\n\n\n<p>Olen ja olen ollut mukana j\u00e4rjest\u00e4m\u00e4ss\u00e4 erilaisia aktiviteetteja Hervannan l\u00e4hikirkkoalueella, ja haluaisin, ett\u00e4 seurakuntayhtym\u00e4 ja seurakunnat j\u00e4rjest\u00e4isiv\u00e4t jatkossakin asioita niin, ett\u00e4 mahdollisimman moni \u2013 niin jo pidemp\u00e4\u00e4n uskossa el\u00e4nyt kuin uusikin \u2013 l\u00f6yt\u00e4isi itselleen sopivan tavan osallistumiseen. Minut on voinut n\u00e4hd\u00e4 Alfa-kurssien tiimiss\u00e4, ehtoollisavustajana, Raamatun aiheita opettavien tilaisuuksien juontajana tai hoitamassa messujen streamausta. Pid\u00e4n etenkin matalan kynnyksen tapahtumia t\u00e4rkein\u00e4, koska niiden avulla seurakunta voi tarjota my\u00f6s osallistumismahdollisuuksia erilaisissa el\u00e4m\u00e4nvaiheissa ja -tilanteissa oleville ihmisille.<\/p>\n","protected":false},"excerpt":{"rendered":"<p>J\u00e4sen Yhteisess\u00e4 kirkkovaltuustossa J\u00e4sen Etel\u00e4isen seurakunnan seurakuntaneuvostossa Varaj\u00e4sen Yhteisess\u00e4 kirkkoneuvostossa Asuinpaikka: Hervanta Arvo\/ammatti: diplomi-insin\u00f6\u00f6ri Olen<\/p>\n","protected":false},"author":1,"featured_media":0,"parent":40,"menu_order":0,"comment_status":"closed","ping_status":"closed","template":"","meta":{"footnotes":""},"class_list":["post-189","page","type-page","status-publish","hentry"],"_links":{"self":[{"href":"https:\/\/www.srkvaki.fi\/index.php\/wp-json\/wp\/v2\/pages\/189","targetHints":{"allow":["GET"]}}],"collection":[{"href":"https:\/\/www.srkvaki.fi\/index.php\/wp-json\/wp\/v2\/pages"}],"about":[{"href":"https:\/\/www.srkvaki.fi\/index.php\/wp-json\/wp\/v2\/types\/page"}],"author":[{"embeddable":true,"href":"https:\/\/www.srkvaki.fi\/index.php\/wp-json\/wp\/v2\/users\/1"}],"replies":[{"embeddable":true,"href":"https:\/\/www.srkvaki.fi\/index.php\/wp-json\/wp\/v2\/comments?post=189"}],"version-history":[{"count":3,"href":"https:\/\/www.srkvaki.fi\/index.php\/wp-json\/wp\/v2\/pages\/189\/revisions"}],"predecessor-version":[{"id":195,"href":"https:\/\/www.srkvaki.fi\/index.php\/wp-json\/wp\/v2\/pages\/189\/revisions\/195"}],"up":[{"embeddable":true,"href":"https:\/\/www.srkvaki.fi\/index.php\/wp-json\/wp\/v2\/pages\/40"}],"wp:attachment":[{"href":"https:\/\/www.srkvaki.fi\/index.php\/wp-json\/wp\/v2\/media?parent=189"}],"curies":[{"name":"wp","href":"https:\/\/api.w.org\/{rel}","templated":true}]}}