{"id":19,"date":"2023-04-08T11:04:22","date_gmt":"2023-04-08T11:04:22","guid":{"rendered":"https:\/\/www.srkvaki.fi\/?page_id=19"},"modified":"2024-08-10T20:09:42","modified_gmt":"2024-08-10T17:09:42","slug":"kotisivu","status":"publish","type":"page","link":"https:\/\/www.srkvaki.fi\/","title":{"rendered":"Ryhm\u00e4n esittely"},"content":{"rendered":"\n<p>Tampereen seurakuntien Yhdistynyt seurakuntav\u00e4ki on ryhm\u00e4, joka toimii Tampereen seurakuntayhtym\u00e4n ja nelj\u00e4n suomenkielisen paikallisseurakunnan luottamuselimiss\u00e4. Ryhm\u00e4mme j\u00e4senet osallistuvat aktiivisesti seurakuntael\u00e4m\u00e4\u00e4n. Yhteist\u00e4 meille on sitoutuminen Raamattuun, kirkkomme uskoon ja tunnustukseen. Haluamme jokaisen l\u00f6yt\u00e4v\u00e4n paikkansa seurakunnassa.<\/p>\n\n\n\n<p>Olemme ryhm\u00e4n\u00e4 puoluepoliittisesti sitoutumaton, emmek\u00e4 my\u00f6sk\u00e4\u00e4n ryhm\u00e4n\u00e4 ole mink\u00e4\u00e4n yksitt\u00e4isen her\u00e4tysliikkeen oppien takana.<\/p>\n\n\n\n<p>Voit tavata ryhm\u00e4mme edustajia helpoiten seurakunnan tapahtumien yhteydess\u00e4. J\u00e4rjestelemme viel\u00e4 yhdenmukaisempaa yhteydenottokanavaa.<\/p>\n","protected":false},"excerpt":{"rendered":"<p>Tampereen seurakuntien Yhdistynyt seurakuntav\u00e4ki on ryhm\u00e4, joka toimii Tampereen seurakuntayhtym\u00e4n ja nelj\u00e4n suomenkielisen paikallisseurakunnan luottamuselimiss\u00e4.<\/p>\n","protected":false},"author":1,"featured_media":0,"parent":0,"menu_order":0,"comment_status":"closed","ping_status":"closed","template":"","meta":{"footnotes":""},"class_list":["post-19","page","type-page","status-publish","hentry"],"_links":{"self":[{"href":"https:\/\/www.srkvaki.fi\/index.php\/wp-json\/wp\/v2\/pages\/19","targetHints":{"allow":["GET"]}}],"collection":[{"href":"https:\/\/www.srkvaki.fi\/index.php\/wp-json\/wp\/v2\/pages"}],"about":[{"href":"https:\/\/www.srkvaki.fi\/index.php\/wp-json\/wp\/v2\/types\/page"}],"author":[{"embeddable":true,"href":"https:\/\/www.srkvaki.fi\/index.php\/wp-json\/wp\/v2\/users\/1"}],"replies":[{"embeddable":true,"href":"https:\/\/www.srkvaki.fi\/index.php\/wp-json\/wp\/v2\/comments?post=19"}],"version-history":[{"count":8,"href":"https:\/\/www.srkvaki.fi\/index.php\/wp-json\/wp\/v2\/pages\/19\/revisions"}],"predecessor-version":[{"id":1033,"href":"https:\/\/www.srkvaki.fi\/index.php\/wp-json\/wp\/v2\/pages\/19\/revisions\/1033"}],"wp:attachment":[{"href":"https:\/\/www.srkvaki.fi\/index.php\/wp-json\/wp\/v2\/media?parent=19"}],"curies":[{"name":"wp","href":"https:\/\/api.w.org\/{rel}","templated":true}]}}