{"id":198,"date":"2023-04-08T13:34:13","date_gmt":"2023-04-08T13:34:13","guid":{"rendered":"https:\/\/www.srkvaki.fi\/?page_id=198"},"modified":"2024-08-10T20:19:55","modified_gmt":"2024-08-10T17:19:55","slug":"asko-alajoki","status":"publish","type":"page","link":"https:\/\/www.srkvaki.fi\/index.php\/ryhmamme-edustajat-seurakuntaneuvostoissa\/asko-alajoki\/","title":{"rendered":"Asko Alajoki"},"content":{"rendered":"\n<div class=\"wp-block-columns is-layout-flex wp-container-core-columns-is-layout-9d6595d7 wp-block-columns-is-layout-flex\">\n<div class=\"wp-block-column is-layout-flow wp-block-column-is-layout-flow\" style=\"flex-basis:33.33%\">\n<figure class=\"wp-block-image size-full\"><img loading=\"lazy\" decoding=\"async\" width=\"500\" height=\"750\" src=\"https:\/\/www.srkvaki.fi\/wp-content\/uploads\/2023\/04\/asko_alajoki2.jpg\" alt=\"\" class=\"wp-image-199\" srcset=\"https:\/\/www.srkvaki.fi\/wp-content\/uploads\/2023\/04\/asko_alajoki2.jpg 500w, https:\/\/www.srkvaki.fi\/wp-content\/uploads\/2023\/04\/asko_alajoki2-200x300.jpg 200w\" sizes=\"auto, (max-width: 500px) 100vw, 500px\" \/><\/figure>\n<\/div>\n\n\n\n<div class=\"wp-block-column is-layout-flow wp-block-column-is-layout-flow\" style=\"flex-basis:66.66%\">\n<p>J\u00e4sen Yhteisess\u00e4 kirkkovaltuustossa<\/p>\n\n\n\n<p>J\u00e4sen Etel\u00e4isen seurakunnan seurakuntaneuvostossa<\/p>\n\n\n\n<p>J\u00e4sen Viestinn\u00e4n johtokunnassa<\/p>\n\n\n\n<p>Asuinpaikka: Hervanta<\/p>\n\n\n\n<p>Arvo\/ammatti: Insin\u00f6\u00f6ri, konsultti<\/p>\n<\/div>\n<\/div>\n\n\n\n<p><strong>Tavoitteita, joita haluan ajaa seurakunnassa<\/strong><\/p>\n\n\n\n<p>1.&nbsp;&nbsp;&nbsp;&nbsp;&nbsp; Haluaisin n\u00e4hd\u00e4, ett\u00e4 seurakunta kuuntelee, keskustelee ja opettaa Raamattua, osaa kommunikoida evankeliumin sanoman kaikenlaisille ihmisille, on valmis vastaanottamaan ihmisi\u00e4 muista kulttuureista ja auttaa heit\u00e4 tulemaan Jumalan luo, tarjoaa apuaan tarvitseville, niin suomalaisille kuin maahanmuuttajille, ja keskittyy oleellisimpaan ohjeenaan Jumalan sana.<\/p>\n\n\n\n<p>2.&nbsp;&nbsp;&nbsp;&nbsp;&nbsp; Resurssien v\u00e4hentyess\u00e4 kirkon tulisi tarjota seurakuntalaisille mahdollisuus toimia lahjojensa mukaan erilaisissa teht\u00e4viss\u00e4 vapaaehtoisina, niin ett\u00e4 he kokevat kirkon omakseen ja haluavat toimia siell\u00e4. Virkamieskeskeisyys tulisi muuttaa seurakuntalaiskeskeisyydeksi.<\/p>\n\n\n\n<p>3.&nbsp;&nbsp;&nbsp;&nbsp;&nbsp; Seurakunnan tulisi tukea ja osallistua nuorten l\u00e4hett\u00e4miseen l\u00e4hetysty\u00f6h\u00f6n ja yhteisty\u00f6t\u00e4 pit\u00e4isi tehd\u00e4 tasapuolisesti eri tahojen kanssa.<\/p>\n\n\n\n<p>4.&nbsp;&nbsp;&nbsp;&nbsp;&nbsp; Seurakunnan tulisi harjoittaa tuloksellista ty\u00f6t\u00e4 nuorten, lasten ja ik\u00e4ihmisten parissa unohtamatta aikuisv\u00e4est\u00f6\u00e4.<\/p>\n\n\n\n<p>Olen koulutukseltani insin\u00f6\u00f6ri. El\u00e4m\u00e4nty\u00f6ni olen tehnyt kristillisess\u00e4 l\u00e4hetysj\u00e4rjest\u00f6ss\u00e4. Olen ollut l\u00e4hetyskent\u00e4ll\u00e4 ty\u00f6ss\u00e4 useassa eri maassa ja Suomessa toiminnanjohtajana ja olen vastannut kehitysyhteisty\u00f6st\u00e4 Keski-Aasiassa ja Intiassa. Ty\u00f6ni on vienyt minut 60 maahan. Olen 76\u2013vuotias ja edelleen aktiivisesti ty\u00f6el\u00e4m\u00e4ss\u00e4 mukana. Kirjoitin l\u00e4hetysj\u00e4rjest\u00f6n historian ja nyt ty\u00f6st\u00e4n siihen jatko-osaa. Olen my\u00f6s radiotoimittaja ja olen tehnyt kehitysmaa-aiheisia uutisia ja nyt raamatunopetusohjelmia, jotka ovat kuunneltavissa podcastina netiss\u00e4 <a rel=\"noreferrer noopener\" href=\"http:\/\/www.soundcloud.com\/\" target=\"_blank\">www.soundcloud.com<\/a> sivulla hakusanalla: l\u00e4hell\u00e4 ja kaukana radio-ohjelma. Perheeseeni kuuluu vaimoni, joka on psykologi ja kirjailija, ja my\u00f6s kissa asustaa meill\u00e4. Meill\u00e4 on kolme aikuista lasta, jotka ovat teologeja ja toimittaja ja 7 lastenlasta. He ovat mukana seurakunnassa ja l\u00e4hetysty\u00f6ss\u00e4.<\/p>\n\n\n\n<p>Harrastan valokuvausta, kirjoittamista ja lukemista. Olen aktiivi kuntoilija lajeina py\u00f6r\u00e4ily, uinti, hiihto ja juokseminen. P\u00e4ivitt\u00e4inen k\u00e4vely tai juoksu pit\u00e4\u00e4 mielen virke\u00e4n\u00e4 ja kunnon kohdallaan. Kirjoitan blogia <a href=\"http:\/\/askoalajoki.blogspot.com\/\">http:\/\/askoalajoki.blogspot.com\/<\/a><\/p>\n\n\n\n<p><strong>Seurakunnalliset luottamusteht\u00e4v\u00e4t<\/strong><\/p>\n\n\n\n<p>Tampereen Etel\u00e4isen seurakunnan ja sit\u00e4 edelt\u00e4v\u00e4n Hervannan seurakuntaneuvoston j\u00e4sen vuodesta 2003 alkaen, Tampereen yhteisen kirkkovaltuuston j\u00e4sen vuodesta 2003 alkaen, Tampereen yhteisen kirkkoneuvoston j\u00e4sen 2013-2018, hiippakuntavaltuuston j\u00e4sen vuodesta 2004 alkaen, hiippakuntavaltuuston puheenjohtaja 2016-2019, johon kuului l\u00e4sn\u00e4olo- ja puheoikeus Tampereen hiippakunnan tuomiokapitulissa, Tampereen Etel\u00e4isen seurakunnan l\u00e4hetysvastuuryhm\u00e4n j\u00e4sen, perheneuvontaty\u00f6n johtokunnan j\u00e4sen 2019-2022, yhdistyneen seurakuntav\u00e4en pj Etel\u00e4isess\u00e4 seurakunnassa.<\/p>\n\n\n\n<p><strong>Luottamusteht\u00e4vi\u00e4 ja teht\u00e4vi\u00e4 j\u00e4rjest\u00f6iss\u00e4<\/strong><\/p>\n\n\n\n<p>Suomen L\u00e4hetysneuvoston (SLN) hallituksen j\u00e4sen 1991-2017, Operaatio Mobilisaation toiminnanjohtaja 1976\u20131998, Kehitystuki ry:n hallituksen puheenjohtaja.<\/p>\n","protected":false},"excerpt":{"rendered":"<p>J\u00e4sen Yhteisess\u00e4 kirkkovaltuustossa J\u00e4sen Etel\u00e4isen seurakunnan seurakuntaneuvostossa J\u00e4sen Viestinn\u00e4n johtokunnassa Asuinpaikka: Hervanta Arvo\/ammatti: Insin\u00f6\u00f6ri, konsultti<\/p>\n","protected":false},"author":1,"featured_media":0,"parent":40,"menu_order":0,"comment_status":"closed","ping_status":"closed","template":"","meta":{"footnotes":""},"class_list":["post-198","page","type-page","status-publish","hentry"],"_links":{"self":[{"href":"https:\/\/www.srkvaki.fi\/index.php\/wp-json\/wp\/v2\/pages\/198","targetHints":{"allow":["GET"]}}],"collection":[{"href":"https:\/\/www.srkvaki.fi\/index.php\/wp-json\/wp\/v2\/pages"}],"about":[{"href":"https:\/\/www.srkvaki.fi\/index.php\/wp-json\/wp\/v2\/types\/page"}],"author":[{"embeddable":true,"href":"https:\/\/www.srkvaki.fi\/index.php\/wp-json\/wp\/v2\/users\/1"}],"replies":[{"embeddable":true,"href":"https:\/\/www.srkvaki.fi\/index.php\/wp-json\/wp\/v2\/comments?post=198"}],"version-history":[{"count":2,"href":"https:\/\/www.srkvaki.fi\/index.php\/wp-json\/wp\/v2\/pages\/198\/revisions"}],"predecessor-version":[{"id":1077,"href":"https:\/\/www.srkvaki.fi\/index.php\/wp-json\/wp\/v2\/pages\/198\/revisions\/1077"}],"up":[{"embeddable":true,"href":"https:\/\/www.srkvaki.fi\/index.php\/wp-json\/wp\/v2\/pages\/40"}],"wp:attachment":[{"href":"https:\/\/www.srkvaki.fi\/index.php\/wp-json\/wp\/v2\/media?parent=198"}],"curies":[{"name":"wp","href":"https:\/\/api.w.org\/{rel}","templated":true}]}}