{"id":201,"date":"2023-04-08T13:38:30","date_gmt":"2023-04-08T13:38:30","guid":{"rendered":"https:\/\/www.srkvaki.fi\/?page_id=201"},"modified":"2024-08-10T20:26:29","modified_gmt":"2024-08-10T17:26:29","slug":"taina-lampu","status":"publish","type":"page","link":"https:\/\/www.srkvaki.fi\/index.php\/ryhmamme-edustajat-seurakuntaneuvostoissa\/taina-lampu\/","title":{"rendered":"Taina Lampu"},"content":{"rendered":"\n<div class=\"wp-block-columns is-layout-flex wp-container-core-columns-is-layout-9d6595d7 wp-block-columns-is-layout-flex\">\n<div class=\"wp-block-column is-layout-flow wp-block-column-is-layout-flow\" style=\"flex-basis:33.33%\">\n<figure class=\"wp-block-image size-full\"><img loading=\"lazy\" decoding=\"async\" width=\"500\" height=\"750\" src=\"https:\/\/www.srkvaki.fi\/wp-content\/uploads\/2023\/04\/taina_lampu2.jpg\" alt=\"\" class=\"wp-image-202\" srcset=\"https:\/\/www.srkvaki.fi\/wp-content\/uploads\/2023\/04\/taina_lampu2.jpg 500w, https:\/\/www.srkvaki.fi\/wp-content\/uploads\/2023\/04\/taina_lampu2-200x300.jpg 200w\" sizes=\"auto, (max-width: 500px) 100vw, 500px\" \/><\/figure>\n<\/div>\n\n\n\n<div class=\"wp-block-column is-layout-flow wp-block-column-is-layout-flow\" style=\"flex-basis:66.66%\">\n<p>J\u00e4sen Yhteisess\u00e4 kirkkovaltuustossa<\/p>\n\n\n\n<p>Varapuheenjohtaja Etel\u00e4isen seurakunnan seurakuntaneuvostossa<\/p>\n\n\n\n<p>J\u00e4sen Sairaalasielunhoidon johtokunnassa<\/p>\n\n\n\n<p>Asuinpaikka: Taatala<\/p>\n\n\n\n<p>Arvo\/ammatti: Osastonhoitaja\/k\u00e4til\u00f6<\/p>\n<\/div>\n<\/div>\n\n\n\n<p>Haluan olla mukana viem\u00e4ss\u00e4 Tampereen Etel\u00e4ist\u00e4 seurakuntaa eteenp\u00e4in jatkuvasti muuttuvassa maailmassa. N\u00e4en tulevaisuuden haasteena seurakuntalaisten tarpeiden huomioimisen ja tarpeisiin vastaamisen. Seurakunnan toimintaan on jatkuvasti v\u00e4hemm\u00e4n resursseja ja seurakuntalaisten j\u00e4senm\u00e4\u00e4r\u00e4 pienenee. Toimintaa tulee arvioida niist\u00e4 l\u00e4ht\u00f6kohdista, jotka ovat seurakunnan perusteht\u00e4v\u00e4\u00e4. Kirkon tulisi olla l\u00e4hell\u00e4 ihmisi\u00e4, niin hyvin\u00e4 kuin huonoina aikoina.<\/p>\n\n\n\n<p>Olen tavallinen seurakuntalainen, joka k\u00e4y kirkossa silloin t\u00e4ll\u00f6in. Osallistun toimintaan mm. kirkkokahvien keitt\u00e4j\u00e4n\u00e4 ja aikanaan olin my\u00f6s l\u00e4hikirkkoty\u00f6ryhm\u00e4ss\u00e4, jossa mietittiin erilaisia tapoja seurakuntalaisten aktivoimiseksi. Olen ollut my\u00f6s Viinikan seurakunnan seurakuntaneuvoston j\u00e4senen\u00e4 sek\u00e4 Etel\u00e4isen seurakunnan yhdistymisen aikaan seurakuntaneuvoston varaj\u00e4senen\u00e4. Useana vuonna pihassamme on j\u00e4rjestetty pihakirkko. Olen perheellinen. Minulla on puoliso ja kolme jo aikuista lasta. Ty\u00f6ss\u00e4ni olen osastonhoitaja ja koulutukseltani terveystieteiden maisteri sek\u00e4 k\u00e4til\u00f6. Uskon, ett\u00e4 yhdess\u00e4 voimme pit\u00e4\u00e4 Etel\u00e4isen seurakunnan elinvoimaisena ja saavutettavana kaikille j\u00e4senilleen.<\/p>\n","protected":false},"excerpt":{"rendered":"<p>J\u00e4sen Yhteisess\u00e4 kirkkovaltuustossa Varapuheenjohtaja Etel\u00e4isen seurakunnan seurakuntaneuvostossa J\u00e4sen Sairaalasielunhoidon johtokunnassa Asuinpaikka: Taatala Arvo\/ammatti: Osastonhoitaja\/k\u00e4til\u00f6 Haluan<\/p>\n","protected":false},"author":1,"featured_media":0,"parent":40,"menu_order":0,"comment_status":"closed","ping_status":"closed","template":"","meta":{"footnotes":""},"class_list":["post-201","page","type-page","status-publish","hentry"],"_links":{"self":[{"href":"https:\/\/www.srkvaki.fi\/index.php\/wp-json\/wp\/v2\/pages\/201","targetHints":{"allow":["GET"]}}],"collection":[{"href":"https:\/\/www.srkvaki.fi\/index.php\/wp-json\/wp\/v2\/pages"}],"about":[{"href":"https:\/\/www.srkvaki.fi\/index.php\/wp-json\/wp\/v2\/types\/page"}],"author":[{"embeddable":true,"href":"https:\/\/www.srkvaki.fi\/index.php\/wp-json\/wp\/v2\/users\/1"}],"replies":[{"embeddable":true,"href":"https:\/\/www.srkvaki.fi\/index.php\/wp-json\/wp\/v2\/comments?post=201"}],"version-history":[{"count":1,"href":"https:\/\/www.srkvaki.fi\/index.php\/wp-json\/wp\/v2\/pages\/201\/revisions"}],"predecessor-version":[{"id":203,"href":"https:\/\/www.srkvaki.fi\/index.php\/wp-json\/wp\/v2\/pages\/201\/revisions\/203"}],"up":[{"embeddable":true,"href":"https:\/\/www.srkvaki.fi\/index.php\/wp-json\/wp\/v2\/pages\/40"}],"wp:attachment":[{"href":"https:\/\/www.srkvaki.fi\/index.php\/wp-json\/wp\/v2\/media?parent=201"}],"curies":[{"name":"wp","href":"https:\/\/api.w.org\/{rel}","templated":true}]}}