{"id":204,"date":"2023-04-08T13:40:31","date_gmt":"2023-04-08T13:40:31","guid":{"rendered":"https:\/\/www.srkvaki.fi\/?page_id=204"},"modified":"2024-08-10T20:20:05","modified_gmt":"2024-08-10T17:20:05","slug":"ilpo-lahteinen","status":"publish","type":"page","link":"https:\/\/www.srkvaki.fi\/index.php\/ryhmamme-edustajat-seurakuntaneuvostoissa\/ilpo-lahteinen\/","title":{"rendered":"Ilpo L\u00e4hteinen"},"content":{"rendered":"\n<div class=\"wp-block-columns is-layout-flex wp-container-core-columns-is-layout-9d6595d7 wp-block-columns-is-layout-flex\">\n<div class=\"wp-block-column is-layout-flow wp-block-column-is-layout-flow\" style=\"flex-basis:33.33%\">\n<figure class=\"wp-block-image size-large\"><img loading=\"lazy\" decoding=\"async\" width=\"683\" height=\"1024\" src=\"https:\/\/www.srkvaki.fi\/wp-content\/uploads\/2023\/04\/ilpo_lahteinen2-683x1024.jpg\" alt=\"\" class=\"wp-image-205\" srcset=\"https:\/\/www.srkvaki.fi\/wp-content\/uploads\/2023\/04\/ilpo_lahteinen2-683x1024.jpg 683w, https:\/\/www.srkvaki.fi\/wp-content\/uploads\/2023\/04\/ilpo_lahteinen2-200x300.jpg 200w, https:\/\/www.srkvaki.fi\/wp-content\/uploads\/2023\/04\/ilpo_lahteinen2-768x1152.jpg 768w, https:\/\/www.srkvaki.fi\/wp-content\/uploads\/2023\/04\/ilpo_lahteinen2.jpg 900w\" sizes=\"auto, (max-width: 683px) 100vw, 683px\" \/><\/figure>\n<\/div>\n\n\n\n<div class=\"wp-block-column is-layout-flow wp-block-column-is-layout-flow\" style=\"flex-basis:66.66%\">\n<p>J\u00e4sen Etel\u00e4isen seurakunnan seurakuntaneuvostossa<\/p>\n\n\n\n<p>Asuinpaikka: Muotiala<\/p>\n\n\n\n<p>Arvo\/ammatti: S\u00e4hk\u00f6asentaja<\/p>\n<\/div>\n<\/div>\n\n\n\n<p>Yli 40 vuoden&nbsp;ty\u00f6uran olen tehnyt s\u00e4hk\u00f6alalla. Nyt olen el\u00e4kkeell\u00e4&nbsp;ja asumme vaimoni kanssa Muotialassa rivitalossa.&nbsp;Lapsia meill\u00e4 on kaksi ja heill\u00e4 on omat perheet.<\/p>\n\n\n\n<p>&nbsp;El\u00e4kkeelle j\u00e4\u00e4ty\u00e4ni aikaa on riitt\u00e4nyt my\u00f6s&nbsp;seurakuntien luottamusteht\u00e4viin.<\/p>\n\n\n\n<p>&nbsp;Luottamustoimet:<\/p>\n\n\n\n<p>&#8211; Yhteisen kirkkovaltuuston j\u00e4sen 2015-2022<\/p>\n\n\n\n<p>&#8211; Etel\u00e4isen seurakunnan seurakuntaneuvoston j\u00e4sen 2015-<\/p>\n\n\n\n<p>&#8211; Seurakuntayhtym\u00e4n KHJ: j\u00e4sen 2015-2018<\/p>\n\n\n\n<p>&#8211; Viinikan l\u00e4hikirkkotoiminta 2014-2018<\/p>\n\n\n\n<p>&#8211; Viinikan seurakuntaneuvoston j\u00e4sen 2010-2014<\/p>\n\n\n\n<p>Ty\u00f6el\u00e4m\u00e4ss\u00e4 olin pitk\u00e4\u00e4n p\u00e4\u00e4luottamusmiehen\u00e4, siin\u00e4 teht\u00e4v\u00e4ss\u00e4 tuli k\u00e4yt\u00e4nn\u00f6n kautta opittua neuvottelutaitoja sek\u00e4 henkil\u00f6st\u00f6asioiden hoitamista. Olen rauhanturvaajaveteraani, oltuani kaksi kertaa YK:n rauhanturvaajana. T\u00e4m\u00e4 ty\u00f6 n\u00e4ytti minulle kuinka suomalaisia arvostetaan oikeuden mukaisina ja rehellisin\u00e4 sotilaina, pyrin my\u00f6s itse olemaan sen arvoinen. Toimin vaimoni kanssa seurakunnan vapaaehtoisty\u00f6ss\u00e4 l\u00e4hetysty\u00f6n hyv\u00e4ksi Veisun pajalla, avustuskohteita on mm. aids-orvot Keniassa ja \u2019Toivoa naisille\u2019 -ty\u00f6.<\/p>\n\n\n\n<p>Koen t\u00e4rke\u00e4ksi, ett\u00e4 kristilliset arvot s\u00e4ilyv\u00e4t eri&nbsp;muodoissa yhteiskunnassamme. N\u00e4en nuoret ja nuoret&nbsp;aikuiset kirkkomme tulevaisuuden kannalta t\u00e4rkein\u00e4.&nbsp;Kaikkia ik\u00e4ryhmi\u00e4 tulisi kuunnella enemm\u00e4n heit\u00e4&nbsp;koskevassa p\u00e4\u00e4t\u00f6ksenteossa.<\/p>\n","protected":false},"excerpt":{"rendered":"<p>J\u00e4sen Etel\u00e4isen seurakunnan seurakuntaneuvostossa Asuinpaikka: Muotiala Arvo\/ammatti: S\u00e4hk\u00f6asentaja Yli 40 vuoden&nbsp;ty\u00f6uran olen tehnyt s\u00e4hk\u00f6alalla. Nyt<\/p>\n","protected":false},"author":1,"featured_media":0,"parent":40,"menu_order":0,"comment_status":"closed","ping_status":"closed","template":"","meta":{"footnotes":""},"class_list":["post-204","page","type-page","status-publish","hentry"],"_links":{"self":[{"href":"https:\/\/www.srkvaki.fi\/index.php\/wp-json\/wp\/v2\/pages\/204","targetHints":{"allow":["GET"]}}],"collection":[{"href":"https:\/\/www.srkvaki.fi\/index.php\/wp-json\/wp\/v2\/pages"}],"about":[{"href":"https:\/\/www.srkvaki.fi\/index.php\/wp-json\/wp\/v2\/types\/page"}],"author":[{"embeddable":true,"href":"https:\/\/www.srkvaki.fi\/index.php\/wp-json\/wp\/v2\/users\/1"}],"replies":[{"embeddable":true,"href":"https:\/\/www.srkvaki.fi\/index.php\/wp-json\/wp\/v2\/comments?post=204"}],"version-history":[{"count":2,"href":"https:\/\/www.srkvaki.fi\/index.php\/wp-json\/wp\/v2\/pages\/204\/revisions"}],"predecessor-version":[{"id":207,"href":"https:\/\/www.srkvaki.fi\/index.php\/wp-json\/wp\/v2\/pages\/204\/revisions\/207"}],"up":[{"embeddable":true,"href":"https:\/\/www.srkvaki.fi\/index.php\/wp-json\/wp\/v2\/pages\/40"}],"wp:attachment":[{"href":"https:\/\/www.srkvaki.fi\/index.php\/wp-json\/wp\/v2\/media?parent=204"}],"curies":[{"name":"wp","href":"https:\/\/api.w.org\/{rel}","templated":true}]}}