{"id":211,"date":"2023-04-08T13:45:28","date_gmt":"2023-04-08T13:45:28","guid":{"rendered":"https:\/\/www.srkvaki.fi\/?page_id=211"},"modified":"2024-08-10T20:25:24","modified_gmt":"2024-08-10T17:25:24","slug":"pauliina-huhtasalo","status":"publish","type":"page","link":"https:\/\/www.srkvaki.fi\/index.php\/ryhmamme-edustajat-seurakuntaneuvostoissa\/pauliina-huhtasalo\/","title":{"rendered":"Pauliina Huhtasalo"},"content":{"rendered":"\n<div class=\"wp-block-columns is-layout-flex wp-container-core-columns-is-layout-9d6595d7 wp-block-columns-is-layout-flex\">\n<div class=\"wp-block-column is-layout-flow wp-block-column-is-layout-flow\" style=\"flex-basis:33.33%\">\n<figure class=\"wp-block-image size-full\"><img loading=\"lazy\" decoding=\"async\" width=\"500\" height=\"750\" src=\"https:\/\/www.srkvaki.fi\/wp-content\/uploads\/2023\/04\/huhtasalo_pauliina2.jpg\" alt=\"\" class=\"wp-image-212\" srcset=\"https:\/\/www.srkvaki.fi\/wp-content\/uploads\/2023\/04\/huhtasalo_pauliina2.jpg 500w, https:\/\/www.srkvaki.fi\/wp-content\/uploads\/2023\/04\/huhtasalo_pauliina2-200x300.jpg 200w\" sizes=\"auto, (max-width: 500px) 100vw, 500px\" \/><\/figure>\n<\/div>\n\n\n\n<div class=\"wp-block-column is-layout-flow wp-block-column-is-layout-flow\" style=\"flex-basis:66.66%\">\n<p>J\u00e4sen Etel\u00e4isen seurakunnan seurakuntaneuvostossa<\/p>\n\n\n\n<p>Asuinpaikka: Viinikka<\/p>\n\n\n\n<p>Arvo\/ammatti: Opettaja, diplomi-insin\u00f6\u00f6ri<\/p>\n<\/div>\n<\/div>\n\n\n\n<p>Ensisijaisesti olen nelj\u00e4n lapsen \u00e4iti. Kaksi lastani on jo nuoria aikuisia, kolmas aikuisuuden kynnyksell\u00e4 ja nuorimmainen k\u00e4y viel\u00e4 peruskoulua. Pid\u00e4n erilaisten k\u00e4sit\u00f6iden tekemisest\u00e4 ja omatoimisesta liikunnasta. Nyt ty\u00f6skentelen ammatillisella toisella asteella matematiikan opettajana. Seurakunta on tullut tutuksi itselleni muun muassa vapaaehtoistoiminnasta, olen vet\u00e4nyt lasten vapaa-ajan kerhoja 2000-luvun alusta. Nyt muutaman vuoden kerhotoiminta on ollut tauolla. Olen lis\u00e4ksi toiminut Tampereen Evankelis-Luterilaisella Seurakuntayhtym\u00e4ll\u00e4 koululaisten iltap\u00e4iv\u00e4toiminnan ohjaajana ja tehnyt muutaman sijaisuuden lastenohjaajana.<\/p>\n\n\n\n<p>Olen jo muutaman vuoden ollut kiinnostunut l\u00e4hte\u00e4 ehdolle seurakuntaneuvoston toimintaa. Nyt rohkaistuin yst\u00e4v\u00e4n pyynn\u00f6st\u00e4. Erityisesti nuorten ja lasten hyvinvointi on oman toimintani l\u00e4ht\u00f6kohta. He ovat tulevaisuus ja t\u00e4rke\u00e4 osa yhteis\u00f6\u00e4, unohtamatta senioreita ja heid\u00e4n el\u00e4m\u00e4nkokemustaan. Seurakunnan toiminta saisi olla enemm\u00e4n yhteis\u00f6llist\u00e4, jolloin olisi mahdollisuus tutustua eri ik\u00e4isiin ja erilaisiin ihmisiin. Maailma avaa ovia erilaisuuden hyv\u00e4ksynn\u00e4lle ja min\u00e4 koen, ett\u00e4 jokaisella meist\u00e4 tulisi olla tunne olevansa tervetullut seurakuntaan ja sen tapahtumiin ja tilaisuuksiin. &nbsp;Ihminen ihmiselle, jokaisella on paikka seurakunnassa!<\/p>\n","protected":false},"excerpt":{"rendered":"<p>J\u00e4sen Etel\u00e4isen seurakunnan seurakuntaneuvostossa Asuinpaikka: Viinikka Arvo\/ammatti: Opettaja, diplomi-insin\u00f6\u00f6ri Ensisijaisesti olen nelj\u00e4n lapsen \u00e4iti. Kaksi<\/p>\n","protected":false},"author":1,"featured_media":0,"parent":40,"menu_order":0,"comment_status":"closed","ping_status":"closed","template":"","meta":{"footnotes":""},"class_list":["post-211","page","type-page","status-publish","hentry"],"_links":{"self":[{"href":"https:\/\/www.srkvaki.fi\/index.php\/wp-json\/wp\/v2\/pages\/211","targetHints":{"allow":["GET"]}}],"collection":[{"href":"https:\/\/www.srkvaki.fi\/index.php\/wp-json\/wp\/v2\/pages"}],"about":[{"href":"https:\/\/www.srkvaki.fi\/index.php\/wp-json\/wp\/v2\/types\/page"}],"author":[{"embeddable":true,"href":"https:\/\/www.srkvaki.fi\/index.php\/wp-json\/wp\/v2\/users\/1"}],"replies":[{"embeddable":true,"href":"https:\/\/www.srkvaki.fi\/index.php\/wp-json\/wp\/v2\/comments?post=211"}],"version-history":[{"count":1,"href":"https:\/\/www.srkvaki.fi\/index.php\/wp-json\/wp\/v2\/pages\/211\/revisions"}],"predecessor-version":[{"id":213,"href":"https:\/\/www.srkvaki.fi\/index.php\/wp-json\/wp\/v2\/pages\/211\/revisions\/213"}],"up":[{"embeddable":true,"href":"https:\/\/www.srkvaki.fi\/index.php\/wp-json\/wp\/v2\/pages\/40"}],"wp:attachment":[{"href":"https:\/\/www.srkvaki.fi\/index.php\/wp-json\/wp\/v2\/media?parent=211"}],"curies":[{"name":"wp","href":"https:\/\/api.w.org\/{rel}","templated":true}]}}