{"id":230,"date":"2023-04-08T15:36:26","date_gmt":"2023-04-08T15:36:26","guid":{"rendered":"https:\/\/www.srkvaki.fi\/?page_id=230"},"modified":"2024-08-10T20:25:40","modified_gmt":"2024-08-10T17:25:40","slug":"risto-salmela","status":"publish","type":"page","link":"https:\/\/www.srkvaki.fi\/index.php\/ryhmamme-edustajat-seurakuntaneuvostoissa\/risto-salmela\/","title":{"rendered":"Risto Salmela"},"content":{"rendered":"\n<div class=\"wp-block-columns is-layout-flex wp-container-core-columns-is-layout-9d6595d7 wp-block-columns-is-layout-flex\">\n<div class=\"wp-block-column is-layout-flow wp-block-column-is-layout-flow\" style=\"flex-basis:33.33%\">\n<figure class=\"wp-block-image size-full\"><img loading=\"lazy\" decoding=\"async\" width=\"260\" height=\"331\" src=\"https:\/\/www.srkvaki.fi\/wp-content\/uploads\/2023\/04\/risto_salmela_harjun_srk.jpg\" alt=\"\" class=\"wp-image-231\" srcset=\"https:\/\/www.srkvaki.fi\/wp-content\/uploads\/2023\/04\/risto_salmela_harjun_srk.jpg 260w, https:\/\/www.srkvaki.fi\/wp-content\/uploads\/2023\/04\/risto_salmela_harjun_srk-236x300.jpg 236w\" sizes=\"auto, (max-width: 260px) 100vw, 260px\" \/><\/figure>\n<\/div>\n\n\n\n<div class=\"wp-block-column is-layout-flow wp-block-column-is-layout-flow\" style=\"flex-basis:66.66%\">\n<p>J\u00e4sen Yhteisess\u00e4 kirkkoneuvostossa<\/p>\n\n\n\n<p>J\u00e4sen Harjun seurakunnan seurakuntaneuvostossa<\/p>\n\n\n\n<p>Varaj\u00e4sen Yhteisess\u00e4 kirkkoneuvostossa<\/p>\n\n\n\n<p>Asuinpaikka: Rahola<\/p>\n\n\n\n<p>Arvo\/ammatti: Liikennep\u00e4ivyst\u00e4j\u00e4<\/p>\n<\/div>\n<\/div>\n\n\n\n<p>Olen naimisissa oleva 53 vuotias mies. Vaimon kanssa meill\u00e4 on nelj\u00e4,lasta ja yksi lapsenlapsi. Asumme Raholassa ja ty\u00f6skentelen Tampereen kaupungilla joukkoliikenteen Liikennep\u00e4ivyst\u00e4j\u00e4n\u00e4.&nbsp;<\/p>\n\n\n\n<p>Luottamushenkil\u00f6n\u00e4 olen ollut vuodesta 2018 Harjun seurakunnan seurakuntaneuvostossa. Olen my\u00f6s tulevan piispantarkastuksen tiimiss\u00e4 mukana.<\/p>\n\n\n\n<p>Harrastuksena mulla on kuorolaulu ja olen my\u00f6s kuoromme hallituksen j\u00e4sen.<\/p>\n\n\n\n<p><strong>Nuorena seurakuntaan&nbsp;<\/strong><\/p>\n\n\n\n<p>Rippikoulun j\u00e4lkeen l\u00f6ysin itseni lukuisten nuorten tavoin Luhtaanrannan leirikeskuksen nuorten toiminnassa mukana. Se oli paikka, koka kokosi nuoria eri seurakunnista Tampereen alueella. P\u00e4\u00e4asiassa kuitenkin Messukyl\u00e4n nuorista, vaikka minun paikkani oli ja on Aitolahdella. Siell\u00e4 ei vaan ollut toimintaa silloin, mutta sielt\u00e4 p\u00e4\u00e4sin mukaan kuitenkin Messukyl\u00e4st\u00e4. Mutta meill\u00e4 on sielt\u00e4 ajalta viel\u00e4kin kokoontuva, nyt jo kyll\u00e4kin hieman ylipainoisten, keski-ik\u00e4isten miesten piiri. Harjuun minut johdatteli entinen tytt\u00f6yst\u00e4v\u00e4ni, nykyinen vaimoni Tiina. Kun menimme naimisiin yli 30 vuotta sitten, samoin meist\u00e4 tuli Harjun seurakunnan j\u00e4seni\u00e4<\/p>\n\n\n\n<p><strong>Harjusta nykyisin<\/strong><\/p>\n\n\n\n<p>Olen ollut erilaisissa palveluteht\u00e4viss\u00e4 jo liki kolmenkymmenenvuoden aikana niin Harjussa, kuin muissakin seurakunnissa. Laulamalla olen saanut olla jakamassa sanaa vuosien saatossa erilaisissa seurakunnan tilaisuuksissa. Ja mm. tekstinluku on minulle mieluisa palvelusteht\u00e4v\u00e4. Tesoman kirkon Via Dolorosa- k\u00e4rsimysn\u00e4ytelm\u00e4n palveluteht\u00e4viss\u00e4 olen ollut jo lukuisia kertoja, aina oppaasta ja hiilivalkealla olemisesta alkaen. Rakentamista ja purkamista unohtamatta.<\/p>\n\n\n\n<p><strong>Kirkon tulevaisuus<\/strong><\/p>\n\n\n\n<p>Mielest\u00e4ni tulevaisuus n\u00e4ytt\u00e4\u00e4 tuovan haasteita seurakunnille. Nyt jo n\u00e4ht\u00e4viss\u00e4 oleva tulevaisuus tuo haasteita diakonian ty\u00f6alalle ja se on itselleni seuraava haaste, ett\u00e4 miten seurakunta voi ja pystyy vastaamaan niihin haasteisiin, joita on jo nyt n\u00e4hty. Ep\u00e4varmuus niin s\u00e4hk\u00f6markkinoilla, kuin koko yhteiskunnassa on minulle t\u00e4rke\u00e4 asia, ja uskon monien seurakuntalaisten kantavan samaa huolta. Ja vaikka nuorisoty\u00f6 on oma ty\u00f6alansa, on sekin mielest\u00e4ni osa diakoniaa, jolla voidaan luoda luottamusta nuorten kautta koko perheen hyvinvointiin. Sen takia on vaikeata luoda n\u00e4kemyst\u00e4, mik\u00e4 on t\u00e4rkeint\u00e4 seurakunnan ty\u00f6t\u00e4. Mutta Harjun seurakunta on kuitenkin osa kristillist\u00e4 kirkkoa ja sen t\u00e4rkeimpi\u00e4 teht\u00e4vi\u00e4 on jumalanpalvelusel\u00e4m\u00e4n, sakramenttien, pyh\u00e4nkokemisen ja erityisesti evankeliumin levitt\u00e4minen kaikkeen maailmaan.<\/p>\n","protected":false},"excerpt":{"rendered":"<p>J\u00e4sen Yhteisess\u00e4 kirkkoneuvostossa J\u00e4sen Harjun seurakunnan seurakuntaneuvostossa Varaj\u00e4sen Yhteisess\u00e4 kirkkoneuvostossa Asuinpaikka: Rahola Arvo\/ammatti: Liikennep\u00e4ivyst\u00e4j\u00e4 Olen<\/p>\n","protected":false},"author":1,"featured_media":0,"parent":40,"menu_order":0,"comment_status":"closed","ping_status":"closed","template":"","meta":{"footnotes":""},"class_list":["post-230","page","type-page","status-publish","hentry"],"_links":{"self":[{"href":"https:\/\/www.srkvaki.fi\/index.php\/wp-json\/wp\/v2\/pages\/230","targetHints":{"allow":["GET"]}}],"collection":[{"href":"https:\/\/www.srkvaki.fi\/index.php\/wp-json\/wp\/v2\/pages"}],"about":[{"href":"https:\/\/www.srkvaki.fi\/index.php\/wp-json\/wp\/v2\/types\/page"}],"author":[{"embeddable":true,"href":"https:\/\/www.srkvaki.fi\/index.php\/wp-json\/wp\/v2\/users\/1"}],"replies":[{"embeddable":true,"href":"https:\/\/www.srkvaki.fi\/index.php\/wp-json\/wp\/v2\/comments?post=230"}],"version-history":[{"count":2,"href":"https:\/\/www.srkvaki.fi\/index.php\/wp-json\/wp\/v2\/pages\/230\/revisions"}],"predecessor-version":[{"id":280,"href":"https:\/\/www.srkvaki.fi\/index.php\/wp-json\/wp\/v2\/pages\/230\/revisions\/280"}],"up":[{"embeddable":true,"href":"https:\/\/www.srkvaki.fi\/index.php\/wp-json\/wp\/v2\/pages\/40"}],"wp:attachment":[{"href":"https:\/\/www.srkvaki.fi\/index.php\/wp-json\/wp\/v2\/media?parent=230"}],"curies":[{"name":"wp","href":"https:\/\/api.w.org\/{rel}","templated":true}]}}