{"id":242,"date":"2023-04-08T15:46:38","date_gmt":"2023-04-08T15:46:38","guid":{"rendered":"https:\/\/www.srkvaki.fi\/?page_id=242"},"modified":"2024-08-10T20:26:22","modified_gmt":"2024-08-10T17:26:22","slug":"sirpa-pursiainen","status":"publish","type":"page","link":"https:\/\/www.srkvaki.fi\/index.php\/ryhmamme-edustajat-seurakuntaneuvostoissa\/sirpa-pursiainen\/","title":{"rendered":"Sirpa Pursiainen-Hautala"},"content":{"rendered":"\n<div class=\"wp-block-columns is-layout-flex wp-container-core-columns-is-layout-9d6595d7 wp-block-columns-is-layout-flex\">\n<div class=\"wp-block-column is-layout-flow wp-block-column-is-layout-flow\" style=\"flex-basis:33.33%\">\n<figure class=\"wp-block-image size-full\"><img loading=\"lazy\" decoding=\"async\" width=\"260\" height=\"331\" src=\"https:\/\/www.srkvaki.fi\/wp-content\/uploads\/2023\/04\/Sirpa_PursiainenMessukylan_yhdistynyt_seurakuntavaki.jpg\" alt=\"\" class=\"wp-image-243\" srcset=\"https:\/\/www.srkvaki.fi\/wp-content\/uploads\/2023\/04\/Sirpa_PursiainenMessukylan_yhdistynyt_seurakuntavaki.jpg 260w, https:\/\/www.srkvaki.fi\/wp-content\/uploads\/2023\/04\/Sirpa_PursiainenMessukylan_yhdistynyt_seurakuntavaki-236x300.jpg 236w\" sizes=\"auto, (max-width: 260px) 100vw, 260px\" \/><\/figure>\n<\/div>\n\n\n\n<div class=\"wp-block-column is-layout-flow wp-block-column-is-layout-flow\" style=\"flex-basis:66.66%\">\n<p>J\u00e4sen Yhteisess\u00e4 kirkkovaltuustossa<\/p>\n\n\n\n<p>J\u00e4sen Messukyl\u00e4n seurakunnan seurakuntaneuvostossa<\/p>\n\n\n\n<p>Asuinpaikka: Teisko<\/p>\n\n\n\n<p>Arvo\/ammatti: Toimitusjohtaja, YTM<\/p>\n<\/div>\n<\/div>\n\n\n\n<p>Olen koulutukseltani yhteiskuntatieteiden maisteri ja ty\u00f6skentelen ik\u00e4ihmisten asumispalveluyksikk\u00f6 Hyv\u00e4nolon El\u00e4m\u00e4npuu Oy:n toimitusjohtajana. Olen naimisissa ja asumme mieheni kanssa luonnon helmassa Teiskossa.<\/p>\n\n\n\n<p>Toimin Kristillisdemokraattien Pirkanmaan hyvinvointialuevaltuutettuna, Tampereen kaupunginvaltuutettuna sek\u00e4 Pirkanmaan maakuntavaltuutettuna ja toimin n\u00e4iss\u00e4 ryhm\u00e4mme puheenjohtajana. Toimin t\u00e4ll\u00e4 hetkell\u00e4 Messukyl\u00e4n seurakuntaneuvoston j\u00e4senen\u00e4, yhteisen kirkkovaltuuston j\u00e4senen\u00e4 sek\u00e4 yhteisen seurakuntaneuvoston j\u00e4senen\u00e4. Ansioluettelooni voi halutessasi tutustua t\u00e4\u00e4lt\u00e4:&nbsp;<a href=\"https:\/\/sirpapursiainen.com\/ansioluettelo\/\">https:\/\/sirpapursiainen.com\/ansioluettelo\/<\/a><\/p>\n\n\n\n<p>Luottamustoimien hoitamisen lis\u00e4ksi vapaa-aikana viet\u00e4n paljon aikaa luonnossa ja harrastan valokuvausta. Olen kirjoittanut my\u00f6s useita kirjoja, kuten \u201dVanhuus satavuotiaassa Suomessa\u201d.<\/p>\n\n\n\n<p>Itselleni usko on el\u00e4m\u00e4ni t\u00e4rkein asia ja turvallinen perusta. N\u00e4en t\u00e4rke\u00e4n\u00e4, ett\u00e4 seurakunta on paikka, jonne kaikki kokevat olevansa tervetulleita. Seurakunta on parhaillaan yhteis\u00f6, jonka j\u00e4senet tuntevat olevansa osa suurta seurakuntaperhett\u00e4. Teiskossa olemmekin aloittaneet yhteis\u00f6llisyyteen pohjautuvat Teiskon Majatalo -illat, joita j\u00e4rjestet\u00e4\u00e4n vapaaehtoisten voimin.<\/p>\n\n\n\n<p>Kirkon sanoman tulee pohjautua Raamattuun. Olen itse ollut l\u00e4hetysty\u00f6ss\u00e4 ja n\u00e4en seurakunnan hengellisen teht\u00e4v\u00e4n seurakunnan ydinteht\u00e4v\u00e4ksi. Meill\u00e4 on paljon muita hyv\u00e4\u00e4 tekevi\u00e4 tahoja ja kaikenlaisen hyv\u00e4n tekeminen ei saa menn\u00e4 seurakunnan ydinteht\u00e4v\u00e4n edelle.<\/p>\n\n\n\n<p>Seurakunnan on lis\u00e4ksi t\u00e4rke\u00e4\u00e4 kantaa vastuuta heikoimmista l\u00e4himm\u00e4isist\u00e4 ja tehd\u00e4 diakoniaty\u00f6t\u00e4. Kristittyn\u00e4 el\u00e4miseen kuuluu toisten taakkojen kantaminen l\u00e4himm\u00e4isen rakkaus. Kuka tahansa meist\u00e4 voi olla jossakin vaiheessa se runneltu ja tien poskeen heitetty, joka tarvitsee apua. Seurakunta ei voi sulkea silmi\u00e4\u00e4n avun tarvitsijoilta.<\/p>\n\n\n\n<p>Luoja on antanut meille upean luonnon, jota meid\u00e4n tulee varjella. Seurakunta omistaa kiinteist\u00f6j\u00e4 ja omassa toiminnassaan seurakunnan tulee huomioida luontoarvot. Luoja my\u00f6s puhuu meille luomansa luonnon kautta. Seurakunnan toiminnassa luonto voi toimia yhten\u00e4 v\u00e4yl\u00e4n\u00e4 Jumalan kohtaamiseen ja seurakunnan yhteyteen hakeutumiseen.<\/p>\n","protected":false},"excerpt":{"rendered":"<p>J\u00e4sen Yhteisess\u00e4 kirkkovaltuustossa J\u00e4sen Messukyl\u00e4n seurakunnan seurakuntaneuvostossa Asuinpaikka: Teisko Arvo\/ammatti: Toimitusjohtaja, YTM Olen koulutukseltani yhteiskuntatieteiden<\/p>\n","protected":false},"author":1,"featured_media":0,"parent":40,"menu_order":0,"comment_status":"closed","ping_status":"closed","template":"","meta":{"footnotes":""},"class_list":["post-242","page","type-page","status-publish","hentry"],"_links":{"self":[{"href":"https:\/\/www.srkvaki.fi\/index.php\/wp-json\/wp\/v2\/pages\/242","targetHints":{"allow":["GET"]}}],"collection":[{"href":"https:\/\/www.srkvaki.fi\/index.php\/wp-json\/wp\/v2\/pages"}],"about":[{"href":"https:\/\/www.srkvaki.fi\/index.php\/wp-json\/wp\/v2\/types\/page"}],"author":[{"embeddable":true,"href":"https:\/\/www.srkvaki.fi\/index.php\/wp-json\/wp\/v2\/users\/1"}],"replies":[{"embeddable":true,"href":"https:\/\/www.srkvaki.fi\/index.php\/wp-json\/wp\/v2\/comments?post=242"}],"version-history":[{"count":3,"href":"https:\/\/www.srkvaki.fi\/index.php\/wp-json\/wp\/v2\/pages\/242\/revisions"}],"predecessor-version":[{"id":1467,"href":"https:\/\/www.srkvaki.fi\/index.php\/wp-json\/wp\/v2\/pages\/242\/revisions\/1467"}],"up":[{"embeddable":true,"href":"https:\/\/www.srkvaki.fi\/index.php\/wp-json\/wp\/v2\/pages\/40"}],"wp:attachment":[{"href":"https:\/\/www.srkvaki.fi\/index.php\/wp-json\/wp\/v2\/media?parent=242"}],"curies":[{"name":"wp","href":"https:\/\/api.w.org\/{rel}","templated":true}]}}