{"id":245,"date":"2023-04-08T15:48:45","date_gmt":"2023-04-08T15:48:45","guid":{"rendered":"https:\/\/www.srkvaki.fi\/?page_id=245"},"modified":"2024-08-10T20:25:48","modified_gmt":"2024-08-10T17:25:48","slug":"satu-turunen","status":"publish","type":"page","link":"https:\/\/www.srkvaki.fi\/index.php\/ryhmamme-edustajat-seurakuntaneuvostoissa\/satu-turunen\/","title":{"rendered":"Satu Turunen"},"content":{"rendered":"\n<div class=\"wp-block-columns is-layout-flex wp-container-core-columns-is-layout-9d6595d7 wp-block-columns-is-layout-flex\">\n<div class=\"wp-block-column is-layout-flow wp-block-column-is-layout-flow\" style=\"flex-basis:33.33%\">\n<figure class=\"wp-block-image size-full\"><img loading=\"lazy\" decoding=\"async\" width=\"260\" height=\"331\" src=\"https:\/\/www.srkvaki.fi\/wp-content\/uploads\/2023\/04\/Turunen_Satu_Messukyl_.jpg\" alt=\"\" class=\"wp-image-246\" srcset=\"https:\/\/www.srkvaki.fi\/wp-content\/uploads\/2023\/04\/Turunen_Satu_Messukyl_.jpg 260w, https:\/\/www.srkvaki.fi\/wp-content\/uploads\/2023\/04\/Turunen_Satu_Messukyl_-236x300.jpg 236w\" sizes=\"auto, (max-width: 260px) 100vw, 260px\" \/><\/figure>\n<\/div>\n\n\n\n<div class=\"wp-block-column is-layout-flow wp-block-column-is-layout-flow\" style=\"flex-basis:66.66%\">\n<p>J\u00e4sen Messukyl\u00e4n seurakunnan seurakuntaneuvostossa<\/p>\n\n\n\n<p>Asuinpaikka: Teisko<\/p>\n\n\n\n<p>Arvo\/ammatti: Musiikkipedagogi AMK<\/p>\n<\/div>\n<\/div>\n\n\n\n<p>Olen 51-vuotias pianonsoiton opettaja Teiskosta. Perheeseeni kuuluu aviomies ja 18-vuotiaat kaksostyt\u00f6t<a>.<\/a> Olen kasvanut ja el\u00e4nyt seurakunnan keskell\u00e4 koko ik\u00e4ni. En kuulu mihink\u00e4\u00e4n her\u00e4tysliikkeeseen.<\/p>\n\n\n\n<p>Olen toiminut vapaaehtoisteht\u00e4viss\u00e4 useimmiten l\u00e4hetysty\u00f6n tukijana ja muusikkona, mutta my\u00f6s yhteisvastuuker\u00e4yksen ja pyh\u00e4koulun teht\u00e4viss\u00e4. Ennen seurakuntien yhdistymist\u00e4 olin Teiskon seurakuntaneuvoston j\u00e4sen. T\u00e4ll\u00e4 hetkell\u00e4 kuulun Messukyl\u00e4n seurakunnan L\u00e4hetysty\u00f6n ja kansainv\u00e4lisen diakoniaty\u00f6n toimintaryhm\u00e4\u00e4n. Oman l\u00e4hikirkkoni alueella kutsun ihmisi\u00e4 vapaaehtoisteht\u00e4viin toteuttamaan yhdess\u00e4 l\u00e4hetysty\u00f6h\u00f6n liittyvi\u00e4 tapahtumia.<\/p>\n\n\n\n<p>Haluan rakentaa kirkkoa, jossa on matala kynnys ja johon jokainen on tervetullut omana itsen\u00e4\u00e4n. N\u00e4en l\u00e4hikirkot toiminnan keskuksina ja paikallisen yhteis\u00f6n vahvistajina. Toimin sen hyv\u00e4ksi, ett\u00e4 kirkko olisi Vapahtajan ja toisten ihmisten kohtaamisen paikka.<\/p>\n","protected":false},"excerpt":{"rendered":"<p>J\u00e4sen Messukyl\u00e4n seurakunnan seurakuntaneuvostossa Asuinpaikka: Teisko Arvo\/ammatti: Musiikkipedagogi AMK Olen 51-vuotias pianonsoiton opettaja Teiskosta. Perheeseeni<\/p>\n","protected":false},"author":1,"featured_media":0,"parent":40,"menu_order":0,"comment_status":"closed","ping_status":"closed","template":"","meta":{"footnotes":""},"class_list":["post-245","page","type-page","status-publish","hentry"],"_links":{"self":[{"href":"https:\/\/www.srkvaki.fi\/index.php\/wp-json\/wp\/v2\/pages\/245","targetHints":{"allow":["GET"]}}],"collection":[{"href":"https:\/\/www.srkvaki.fi\/index.php\/wp-json\/wp\/v2\/pages"}],"about":[{"href":"https:\/\/www.srkvaki.fi\/index.php\/wp-json\/wp\/v2\/types\/page"}],"author":[{"embeddable":true,"href":"https:\/\/www.srkvaki.fi\/index.php\/wp-json\/wp\/v2\/users\/1"}],"replies":[{"embeddable":true,"href":"https:\/\/www.srkvaki.fi\/index.php\/wp-json\/wp\/v2\/comments?post=245"}],"version-history":[{"count":1,"href":"https:\/\/www.srkvaki.fi\/index.php\/wp-json\/wp\/v2\/pages\/245\/revisions"}],"predecessor-version":[{"id":247,"href":"https:\/\/www.srkvaki.fi\/index.php\/wp-json\/wp\/v2\/pages\/245\/revisions\/247"}],"up":[{"embeddable":true,"href":"https:\/\/www.srkvaki.fi\/index.php\/wp-json\/wp\/v2\/pages\/40"}],"wp:attachment":[{"href":"https:\/\/www.srkvaki.fi\/index.php\/wp-json\/wp\/v2\/media?parent=245"}],"curies":[{"name":"wp","href":"https:\/\/api.w.org\/{rel}","templated":true}]}}