{"id":254,"date":"2023-04-08T15:55:30","date_gmt":"2023-04-08T15:55:30","guid":{"rendered":"https:\/\/www.srkvaki.fi\/?page_id=254"},"modified":"2024-08-10T20:25:33","modified_gmt":"2024-08-10T17:25:33","slug":"riitta-sompa-hokkanen","status":"publish","type":"page","link":"https:\/\/www.srkvaki.fi\/index.php\/ryhmamme-edustajat-seurakuntaneuvostoissa\/riitta-sompa-hokkanen\/","title":{"rendered":"Riitta Sompa-Hokkanen"},"content":{"rendered":"\n<div class=\"wp-block-columns is-layout-flex wp-container-core-columns-is-layout-9d6595d7 wp-block-columns-is-layout-flex\">\n<div class=\"wp-block-column is-layout-flow wp-block-column-is-layout-flow\" style=\"flex-basis:33.33%\">\n<figure class=\"wp-block-image size-full\"><img loading=\"lazy\" decoding=\"async\" width=\"260\" height=\"331\" src=\"https:\/\/www.srkvaki.fi\/wp-content\/uploads\/2023\/04\/sompa_hokkanen_riitta_tuomiokirkkoseurakunta.jpg\" alt=\"\" class=\"wp-image-255\" srcset=\"https:\/\/www.srkvaki.fi\/wp-content\/uploads\/2023\/04\/sompa_hokkanen_riitta_tuomiokirkkoseurakunta.jpg 260w, https:\/\/www.srkvaki.fi\/wp-content\/uploads\/2023\/04\/sompa_hokkanen_riitta_tuomiokirkkoseurakunta-236x300.jpg 236w\" sizes=\"auto, (max-width: 260px) 100vw, 260px\" \/><\/figure>\n<\/div>\n\n\n\n<div class=\"wp-block-column is-layout-flow wp-block-column-is-layout-flow\" style=\"flex-basis:66.66%\">\n<p>J\u00e4sen Yhteisess\u00e4 kirkkovaltuustossa<\/p>\n\n\n\n<p>J\u00e4sen Tuomiokirkkoseurakunnan seurakuntaneuvostossa<\/p>\n\n\n\n<p>J\u00e4sen Kasvatusty\u00f6n asiantuntijaryhm\u00e4ss\u00e4<\/p>\n\n\n\n<p>Asuinpaikka: Kaleva<\/p>\n\n\n\n<p>Arvo\/ammatti: Opetusneuvos<\/p>\n<\/div>\n<\/div>\n\n\n\n<p>Olen 69-vuotias nelj\u00e4nnen polven tamperelainen Kalevasta. Olen luokanopettaja ja&nbsp;toiminut p\u00e4\u00e4osan ty\u00f6el\u00e4m\u00e4st\u00e4ni musiikkiluokan opettajana Nekalan koulussa.<\/p>\n\n\n\n<p>Olen nyt toista vuotta el\u00e4kkeell\u00e4.&nbsp;Perheeseeni kuuluu aviomies ja poika perheineen.<\/p>\n\n\n\n<p>Olen luottamushenkil\u00f6 sek\u00e4 vapaaehtoinen, ja toimin Kalevan l\u00e4hikirkkoalueella.&nbsp;Minulle on lapsesta asti ollut t\u00e4rke\u00e4\u00e4 k\u00e4yd\u00e4 pyh\u00e4koulua ja seurakunnan tytt\u00f6kerhoa sek\u00e4&nbsp;laulaa seurakunnan lapsikuorossa.&nbsp;Olen seurakuntaneuvoston j\u00e4sen sek\u00e4 kirkkovaltuuston varaj\u00e4sen.&nbsp;&nbsp;Eri vapaaehtoisteht\u00e4v\u00e4t&nbsp; kuten esim. kirkkokahvitukset, messuavustukset, Kalevan aluefoorumiin kuuluminen&nbsp;tuottavat iloa ja monia hyvi\u00e4, syv\u00e4llisi\u00e4kin kohtaamisia.&nbsp;&nbsp;Kalevassa on vuoden toiminut Toivon torstai, jossa kaikenik\u00e4iset kohtaavat kerran viikossa.&nbsp;Tuona Toivon torstaina olen auttamassa lapsia ja nuoria l\u00e4ksyjen teossa.&nbsp;&nbsp;Lapset ja nuoret ovat t\u00e4rkeit\u00e4 seurakunnassamme. Toimin Kasvatuksen asiantuntijaryhm\u00e4ss\u00e4.&nbsp;Juttutupa on aloittanut viikottaiset kokoontumiset, ja olen yksi tilaisuuden ohjaajista.&nbsp;Koen t\u00e4rke\u00e4ksi diakonia- ja l\u00e4hetysty\u00f6n.&nbsp;&nbsp;Toimin alueen diakoniatoimintaryhm\u00e4ss\u00e4, jossa keskustellaan, suunnitellaan ja j\u00e4rjestet\u00e4\u00e4n&nbsp;erilaisia tilaisuuksia seurakuntalaisille.&nbsp;&nbsp;Seurakunnassamme kokoontuu tiistaisin l\u00e4hetyspiiri, jonka ohjaaja olen.<\/p>\n\n\n\n<p>&nbsp;Musiikki on rakas harrastukseni. Laulan Picantus-sekakuorossa, joka harjoittelee Viinikan kirkossa.<\/p>\n\n\n\n<p>Sotilaskotity\u00f6t\u00e4 teen kerran kuukaudessa palvelemalla varusmiehi\u00e4 ja reservil\u00e4isi\u00e4 Satakunnan&nbsp;Lennoston sotilaskodissa. Koti- uskonto ja is\u00e4nmaa!&nbsp;<\/p>\n\n\n\n<p>Seurakunnan luottamushenkil\u00f6n\u00e4 toimin linkkin\u00e4 seurakuntalaisten ja p\u00e4\u00e4tt\u00e4jien v\u00e4ill\u00e4.&nbsp;Tuon esille seurakuntalaisten toiveita, ajatuksia, my\u00f6s negatiivistakin palautetta p\u00e4\u00e4tt\u00e4jille.&nbsp;P\u00e4\u00e4t\u00f6kset v\u00e4lit\u00e4n seurakuntalaisille.<\/p>\n\n\n\n<p>Pid\u00e4n t\u00e4rke\u00e4n\u00e4 kohdata ihmisi\u00e4 siell\u00e4, miss\u00e4 he ovat, ja n\u00e4in kutsua heit\u00e4&nbsp;mukaan seurakunnan toimintaan.&nbsp;Pid\u00e4n t\u00e4rke\u00e4n\u00e4 lasten ja nuorten kristillist\u00e4 kasvatusta esim. pyh\u00e4koulut, seurakunnan kerhot,&nbsp;&nbsp;Lasten katedraali. My\u00f6s perheiden tukeminen t\u00e4ss\u00e4 kiireisess\u00e4 maailmassa on t\u00e4rke\u00e4\u00e4.<\/p>\n\n\n\n<p>Varttunutta v\u00e4ke\u00e4 ei saa unohtaa!&nbsp;<\/p>\n\n\n\n<p>Diakoniaty\u00f6 ja l\u00e4hetysty\u00f6 ovat seurakuntamme t\u00e4rkeit\u00e4 ty\u00f6muotoja. Niihin pit\u00e4\u00e4 taata&nbsp;riitt\u00e4v\u00e4 resurssit.<\/p>\n","protected":false},"excerpt":{"rendered":"<p>J\u00e4sen Yhteisess\u00e4 kirkkovaltuustossa J\u00e4sen Tuomiokirkkoseurakunnan seurakuntaneuvostossa J\u00e4sen Kasvatusty\u00f6n asiantuntijaryhm\u00e4ss\u00e4 Asuinpaikka: Kaleva Arvo\/ammatti: Opetusneuvos Olen 69-vuotias<\/p>\n","protected":false},"author":1,"featured_media":0,"parent":40,"menu_order":0,"comment_status":"closed","ping_status":"closed","template":"","meta":{"footnotes":""},"class_list":["post-254","page","type-page","status-publish","hentry"],"_links":{"self":[{"href":"https:\/\/www.srkvaki.fi\/index.php\/wp-json\/wp\/v2\/pages\/254","targetHints":{"allow":["GET"]}}],"collection":[{"href":"https:\/\/www.srkvaki.fi\/index.php\/wp-json\/wp\/v2\/pages"}],"about":[{"href":"https:\/\/www.srkvaki.fi\/index.php\/wp-json\/wp\/v2\/types\/page"}],"author":[{"embeddable":true,"href":"https:\/\/www.srkvaki.fi\/index.php\/wp-json\/wp\/v2\/users\/1"}],"replies":[{"embeddable":true,"href":"https:\/\/www.srkvaki.fi\/index.php\/wp-json\/wp\/v2\/comments?post=254"}],"version-history":[{"count":1,"href":"https:\/\/www.srkvaki.fi\/index.php\/wp-json\/wp\/v2\/pages\/254\/revisions"}],"predecessor-version":[{"id":256,"href":"https:\/\/www.srkvaki.fi\/index.php\/wp-json\/wp\/v2\/pages\/254\/revisions\/256"}],"up":[{"embeddable":true,"href":"https:\/\/www.srkvaki.fi\/index.php\/wp-json\/wp\/v2\/pages\/40"}],"wp:attachment":[{"href":"https:\/\/www.srkvaki.fi\/index.php\/wp-json\/wp\/v2\/media?parent=254"}],"curies":[{"name":"wp","href":"https:\/\/api.w.org\/{rel}","templated":true}]}}