{"id":260,"date":"2023-04-08T15:59:52","date_gmt":"2023-04-08T15:59:52","guid":{"rendered":"https:\/\/www.srkvaki.fi\/?page_id=260"},"modified":"2024-08-10T20:07:22","modified_gmt":"2024-08-10T17:07:22","slug":"seija-alatalo","status":"publish","type":"page","link":"https:\/\/www.srkvaki.fi\/index.php\/ryhmamme-edustajat-yhteisessa-kirkkovaltuustossa\/seija-alatalo\/","title":{"rendered":"Seija Alatalo"},"content":{"rendered":"\n<div class=\"wp-block-columns is-layout-flex wp-container-core-columns-is-layout-9d6595d7 wp-block-columns-is-layout-flex\">\n<div class=\"wp-block-column is-layout-flow wp-block-column-is-layout-flow\" style=\"flex-basis:33.33%\">\n<figure class=\"wp-block-image size-full\"><img loading=\"lazy\" decoding=\"async\" width=\"260\" height=\"331\" src=\"https:\/\/www.srkvaki.fi\/wp-content\/uploads\/2023\/04\/Alatalo_Seija_Harju.jpg\" alt=\"\" class=\"wp-image-222\" srcset=\"https:\/\/www.srkvaki.fi\/wp-content\/uploads\/2023\/04\/Alatalo_Seija_Harju.jpg 260w, https:\/\/www.srkvaki.fi\/wp-content\/uploads\/2023\/04\/Alatalo_Seija_Harju-236x300.jpg 236w\" sizes=\"auto, (max-width: 260px) 100vw, 260px\" \/><\/figure>\n<\/div>\n\n\n\n<div class=\"wp-block-column is-layout-flow wp-block-column-is-layout-flow\" style=\"flex-basis:66.66%\">\n<p>Seurakunta: Harjun seurakunta<\/p>\n\n\n\n<p>J\u00e4sen Yhteisess\u00e4 kirkkovaltuustossa<\/p>\n\n\n\n<p>J\u00e4sen Harjun seurakunnan seurakuntaneuvostossa<\/p>\n\n\n\n<p>J\u00e4sen Perheneuvontaty\u00f6n johtokunnassa<\/p>\n\n\n\n<p>Asuinpaikka: Pispala<\/p>\n\n\n\n<p>Arvo\/ammatti: Koulunk\u00e4ynnin ohjaaja<\/p>\n<\/div>\n<\/div>\n\n\n\n<p>Ty\u00f6skentelen koulunk\u00e4ynninohjaajana ja asustelen l\u00e4hes kotikirkkoni juurella Pispalassa. Perheeseeni kuuluu mieheni ja Ringo-koira. Nelj\u00e4 lastamme asuvat jo omillaan. Ty\u00f6ni ja lastenlasten kautta pysyn hyvin kiinni lasten ja nuorten maailmassa. Vapaa-ajallani harrastan liikuntaa eri muodoissa, ulkoilen, k\u00e4yn teattereissa ja tapaan yst\u00e4vi\u00e4ni.<\/p>\n\n\n\n<p><strong>Jo nuoruudesta mukana seurakunnan toiminnassa&nbsp;<\/strong><\/p>\n\n\n\n<p>Rippikouluik\u00e4isen\u00e4 k\u00e4vin paljon nuortenilloissa. Rippikoulusta Kaaranm\u00e4nnik\u00f6ss\u00e4 j\u00e4i kivoja muistoja. Laulut, yst\u00e4v\u00e4t ja se, ett\u00e4 on Jumala, joka pit\u00e4\u00e4 sinusta huolen. Olin my\u00f6s isosena kahtena eri kes\u00e4n\u00e4 riparin j\u00e4lkeen.&nbsp;<\/p>\n\n\n\n<p>Pidin yst\u00e4v\u00e4ni kanssa my\u00f6s tytt\u00f6kerhoa.<\/p>\n\n\n\n<p><strong>Luottamustoimet<\/strong><\/p>\n\n\n\n<p>Harjun seurakuntaneuvosto 2019-2022, varapuheenjohtaja&nbsp;<\/p>\n\n\n\n<p>Yhteinen kirkkovaltuusto 2014-, j\u00e4sen<\/p>\n\n\n\n<p>Perheneuvontaty\u00f6n johtokunta 2019-, j\u00e4sen.<\/p>\n\n\n\n<p>Harjun seurakuntaneuvosto 2014-2018, 2023-, j\u00e4sen<\/p>\n\n\n\n<p>Kasvatusty\u00f6n johtokunta 1.1. -31.8.2015 j\u00e4sen<\/p>\n\n\n\n<p>Harjun seurakuntaneuvosto 2010 -2014, varaj\u00e4sen<\/p>\n\n\n\n<p><strong>Vapaa-aika<\/strong><\/p>\n\n\n\n<p>Vapaaehtoisena touhuan erilaisissa seurakunnan teht\u00e4viss\u00e4. Olet saattanut n\u00e4hd\u00e4 minut omassa kirkossani mm. kirkkov\u00e4\u00e4rtin teht\u00e4viss\u00e4, tekstien lukijana ja kahvinkeitt\u00e4j\u00e4n\u00e4.&nbsp;<\/p>\n\n\n\n<p>Olen aktiivisesti mukana my\u00f6s Peetelin \u2013 yst\u00e4v\u00e4t ryhm\u00e4ss\u00e4. T\u00e4ss\u00e4 auttamisty\u00f6ss\u00e4 n\u00e4kyy konkreettisesti erilaiset hankinnat ja l\u00e4himm\u00e4isist\u00e4 v\u00e4litt\u00e4minen.&nbsp;<\/p>\n\n\n\n<p>(Peetelin srk on Harjun yst\u00e4vyysseurakunta Tallinnassa)<\/p>\n\n\n\n<p>Minulla on ilo olla mukana Harjussa alkaneessa Piispantarkastus-tiimiss\u00e4.&nbsp;<\/p>\n\n\n\n<p><strong>Unelmaseurakuntani<\/strong><\/p>\n\n\n\n<p>Toivoisin yhteisty\u00f6t\u00e4 ja yhteishenke\u00e4 seurakunnan sek\u00e4 eri toimijoiden kesken ihmisten parhaaksi, vapaaehtoisia unohtamatta. Seurakunta voisi tarjota esimerkiksi seuraavia asioita:<\/p>\n\n\n\n<p>* lasten ja nuorten vapaa-ajan toimintaa ja nuorisoty\u00f6t\u00e4<\/p>\n\n\n\n<p>* perheiden kohtaamispaikkoja ja eri sukupolvia kokoavia tapahtumia<\/p>\n\n\n\n<p>* diakonian tukea ja yhteisi\u00e4 aterioita v\u00e4h\u00e4varaisille.&nbsp;<\/p>\n\n\n\n<p>L\u00e4himm\u00e4isen rakkaus ja sit\u00e4 kautta v\u00e4litt\u00e4minen kaikista ihmisist\u00e4 on t\u00e4rke\u00e4\u00e4.&nbsp;<\/p>\n\n\n\n<p><strong>Kirkon merkitys yhteiskunnassa<\/strong><\/p>\n\n\n\n<p>Kirkko on jumalanpalveluksen, pyh\u00e4nkokemisen ja hyv\u00e4n tekemisen yhteis\u00f6.<\/p>\n","protected":false},"excerpt":{"rendered":"<p>Seurakunta: Harjun seurakunta J\u00e4sen Yhteisess\u00e4 kirkkovaltuustossa J\u00e4sen Harjun seurakunnan seurakuntaneuvostossa J\u00e4sen Perheneuvontaty\u00f6n johtokunnassa Asuinpaikka: Pispala<\/p>\n","protected":false},"author":1,"featured_media":0,"parent":36,"menu_order":0,"comment_status":"closed","ping_status":"closed","template":"","meta":{"footnotes":""},"class_list":["post-260","page","type-page","status-publish","hentry"],"_links":{"self":[{"href":"https:\/\/www.srkvaki.fi\/index.php\/wp-json\/wp\/v2\/pages\/260","targetHints":{"allow":["GET"]}}],"collection":[{"href":"https:\/\/www.srkvaki.fi\/index.php\/wp-json\/wp\/v2\/pages"}],"about":[{"href":"https:\/\/www.srkvaki.fi\/index.php\/wp-json\/wp\/v2\/types\/page"}],"author":[{"embeddable":true,"href":"https:\/\/www.srkvaki.fi\/index.php\/wp-json\/wp\/v2\/users\/1"}],"replies":[{"embeddable":true,"href":"https:\/\/www.srkvaki.fi\/index.php\/wp-json\/wp\/v2\/comments?post=260"}],"version-history":[{"count":1,"href":"https:\/\/www.srkvaki.fi\/index.php\/wp-json\/wp\/v2\/pages\/260\/revisions"}],"predecessor-version":[{"id":261,"href":"https:\/\/www.srkvaki.fi\/index.php\/wp-json\/wp\/v2\/pages\/260\/revisions\/261"}],"up":[{"embeddable":true,"href":"https:\/\/www.srkvaki.fi\/index.php\/wp-json\/wp\/v2\/pages\/36"}],"wp:attachment":[{"href":"https:\/\/www.srkvaki.fi\/index.php\/wp-json\/wp\/v2\/media?parent=260"}],"curies":[{"name":"wp","href":"https:\/\/api.w.org\/{rel}","templated":true}]}}