{"id":262,"date":"2023-04-08T16:01:30","date_gmt":"2023-04-08T16:01:30","guid":{"rendered":"https:\/\/www.srkvaki.fi\/?page_id=262"},"modified":"2024-08-10T20:05:21","modified_gmt":"2024-08-10T17:05:21","slug":"anneli-hukari","status":"publish","type":"page","link":"https:\/\/www.srkvaki.fi\/index.php\/ryhmamme-edustajat-yhteisessa-kirkkovaltuustossa\/anneli-hukari\/","title":{"rendered":"Anneli Hukari"},"content":{"rendered":"\n<div class=\"wp-block-columns is-layout-flex wp-container-core-columns-is-layout-9d6595d7 wp-block-columns-is-layout-flex\">\n<div class=\"wp-block-column is-layout-flow wp-block-column-is-layout-flow\" style=\"flex-basis:33.33%\">\n<figure class=\"wp-block-image size-full\"><img loading=\"lazy\" decoding=\"async\" width=\"260\" height=\"331\" src=\"https:\/\/www.srkvaki.fi\/wp-content\/uploads\/2023\/04\/hukari_anneli_harjun_srk.jpg\" alt=\"\" class=\"wp-image-225\" srcset=\"https:\/\/www.srkvaki.fi\/wp-content\/uploads\/2023\/04\/hukari_anneli_harjun_srk.jpg 260w, https:\/\/www.srkvaki.fi\/wp-content\/uploads\/2023\/04\/hukari_anneli_harjun_srk-236x300.jpg 236w\" sizes=\"auto, (max-width: 260px) 100vw, 260px\" \/><\/figure>\n<\/div>\n\n\n\n<div class=\"wp-block-column is-layout-flow wp-block-column-is-layout-flow\" style=\"flex-basis:66.66%\">\n<p>Seurakunta: Harjun seurakunta<\/p>\n\n\n\n<p>J\u00e4sen Yhteisess\u00e4 kirkkovaltuustossa<\/p>\n\n\n\n<p>J\u00e4sen Harjun seurakunnan seurakuntaneuvostossa<\/p>\n\n\n\n<p>Asuinpaikka: Kalkku<\/p>\n\n\n\n<p>Arvo\/ammatti: L\u00e4hetysty\u00f6ntekij\u00e4<\/p>\n<\/div>\n<\/div>\n\n\n\n<p>Olen 71-vuotias l\u00e4hetysty\u00f6ntekij\u00e4. Asun Kalkussa.<\/p>\n\n\n\n<p>Olin ty\u00f6ss\u00e4 Suomen L\u00e4hetysseurassa L\u00e4hi-id\u00e4ss\u00e4 ja kotimaassa. Tein my\u00f6s monikulttuurista ty\u00f6t\u00e4 Tampereen seurakuntayhtym\u00e4ss\u00e4, siin\u00e4 keskityin muslimien kohtaamiseen. J\u00e4rjestin mm. tapaamisia kristittyjen ja muslimien kesken. Ty\u00f6suhde on loppunut, mutta teht\u00e4v\u00e4 ei. Jatkan vapaaehtoisena, johdan Uuden Verson arabian kielist\u00e4 pienyhteis\u00f6\u00e4. Toimin my\u00f6s Harjun seurakunnassa l\u00e4hetyksen ja kansainv\u00e4lisen diakonian vastuuryhm\u00e4ss\u00e4.<\/p>\n\n\n\n<p><strong>Vastuunkantajana<\/strong><\/p>\n\n\n\n<p>Olen ollut kaksi kautta Harjun Seurakuntaneuvostossa ja Yhteisess\u00e4 Kirkkovaltuustossa sek\u00e4 yhden kauden Yhteisess\u00e4 Kirkkoneuvostossa. L\u00e4hetyksen ja kansainv\u00e4lisen diakonian vastuuryhm\u00e4ss\u00e4 olen toiminut l\u00e4hes 30 vuotta. Neuvostoissa ja valtuustossa vastaan on tullut asioita, jotka vaativat paljon perehtymist\u00e4. Onneksi kaikkien ei tarvitse tiet\u00e4\u00e4 kaikesta kaikkea, mukana on hyvi\u00e4 asiantuntijoita, joita kuunnellen voi muodostaa oman mielipiteens\u00e4.<\/p>\n\n\n\n<p><strong>Minulle t\u00e4rke\u00e4\u00e4<\/strong><\/p>\n\n\n\n<p>Messu on minulle t\u00e4rke\u00e4, varsinkin ehtoollinen. Ehtoollisella kuulen Jeesuksen kutsun: \u201dSeuraa minua\u201d. &nbsp;Osallistuessani siihen vastaan: \u201dKyll\u00e4\u201d. Messu ja ehtoollinen vahvistavat suhdettani Jeesukseen. Haluan olla aktiivinen omassa messuyhteis\u00f6ss\u00e4ni.<\/p>\n\n\n\n<p>Minulle on t\u00e4rke\u00e4\u00e4 toimia my\u00f6s hiljaisuuden liikkeess\u00e4. Sen takia olen ohjaajana hiljaisuuden retriiteiss\u00e4 ja henkil\u00f6kohtaisesti ohjatuissa retriiteiss\u00e4. Hiljaisuus ei ole p\u00e4\u00e4m\u00e4\u00e4r\u00e4, se on v\u00e4line. Kun pys\u00e4hdymme kuuntelemaan Jumalaa, voimme kuulla. Retriitit ovat olleet minulle paikkoja, jossa olen oppinut tuntemaan Vapahtajaa enemm\u00e4n. Siksi my\u00f6s niiden ohjaaminen on mielek\u00e4st\u00e4. Voin antaa saman mahdollisuuden toisille.<\/p>\n\n\n\n<p>Olin aikaisemmin lapsity\u00f6ss\u00e4. toimin lastenohjaajana, iltap\u00e4iv\u00e4kodin ohjaajana, toiminnanohjaajana sek\u00e4 pyh\u00e4koulusihteerin\u00e4. Lapsity\u00f6ss\u00e4 on tapahtunut suuri murros, yh\u00e4 useammat lapset ovat p\u00e4iv\u00e4kodeissa, ei en\u00e4\u00e4 niin runsain m\u00e4\u00e4rin p\u00e4iv\u00e4kerhoissa kuin ennen.&nbsp;<\/p>\n\n\n\n<p>Seurakunnan ty\u00f6muodoista my\u00f6s nuorisoty\u00f6 on l\u00e4hell\u00e4 syd\u00e4nt\u00e4ni, olihan ensimm\u00e4inen ammattini nuorisonohjaajan ammatti. Ja tietenkin diakoniaty\u00f6 on t\u00e4rke\u00e4\u00e4.<\/p>\n\n\n\n<p>Raamattu, rukous, ehtoollinen, messu \u2013 t\u00e4ss\u00e4 on tukijalat, jotka auttavat hengellisen el\u00e4m\u00e4n hoitamisessa. Kun on itse tullut hoidetuksi, silloin voi olla mukana hoitamassa toisia. Silloin voi palvella. &nbsp;<\/p>\n\n\n\n<p><strong>Unelmani seurakunta<\/strong><\/p>\n\n\n\n<p>Unelmoin seurakunnasta, jossa olisi tilaa kaikille, yhteis\u00f6st\u00e4, jossa jokainen voisi ilmaista mielipiteens\u00e4 ja jossa sit\u00e4 kuunneltaisiin arvostavasti, vaikka kuulija olisi eri mielt\u00e4. Yrit\u00e4n itse kuunnella eri tavalla ajattelevia, siihen toimiminen l\u00e4hetysty\u00f6ntekij\u00e4n\u00e4 antoi hyv\u00e4n koulutuksen. Oppiminen on kuitenkin jatkuvaa. &nbsp;Unelmieni seurakunnassa seurakuntalaiset vastaisivat oikeista teht\u00e4vist\u00e4. Olisi hienoa, jos me kaikki tuntisimme itsemme tarpeellisiksi. Tai jos joku haluaa olla v\u00e4hemm\u00e4n aktiivinen, sekin olisi arvostettua. Kannattaa unelmoida!<\/p>\n\n\n\n<p><strong>Aarre<\/strong><\/p>\n\n\n\n<p>Meill\u00e4 on seurakunnassa suuri aarre, meill\u00e4 on yhteys kaikkivaltiaaseen Jumalaan. H\u00e4n antaa meille tarkoituksen ja p\u00e4\u00e4m\u00e4\u00e4r\u00e4n el\u00e4m\u00e4\u00e4n. Tukea, rauhaa, iloa arkeemme. Haluan kutsua toisiakin yhteyteen Jeesuksen kanssa.<\/p>\n","protected":false},"excerpt":{"rendered":"<p>Seurakunta: Harjun seurakunta J\u00e4sen Yhteisess\u00e4 kirkkovaltuustossa J\u00e4sen Harjun seurakunnan seurakuntaneuvostossa Asuinpaikka: Kalkku Arvo\/ammatti: L\u00e4hetysty\u00f6ntekij\u00e4 Olen<\/p>\n","protected":false},"author":1,"featured_media":0,"parent":36,"menu_order":0,"comment_status":"closed","ping_status":"closed","template":"","meta":{"footnotes":""},"class_list":["post-262","page","type-page","status-publish","hentry"],"_links":{"self":[{"href":"https:\/\/www.srkvaki.fi\/index.php\/wp-json\/wp\/v2\/pages\/262","targetHints":{"allow":["GET"]}}],"collection":[{"href":"https:\/\/www.srkvaki.fi\/index.php\/wp-json\/wp\/v2\/pages"}],"about":[{"href":"https:\/\/www.srkvaki.fi\/index.php\/wp-json\/wp\/v2\/types\/page"}],"author":[{"embeddable":true,"href":"https:\/\/www.srkvaki.fi\/index.php\/wp-json\/wp\/v2\/users\/1"}],"replies":[{"embeddable":true,"href":"https:\/\/www.srkvaki.fi\/index.php\/wp-json\/wp\/v2\/comments?post=262"}],"version-history":[{"count":1,"href":"https:\/\/www.srkvaki.fi\/index.php\/wp-json\/wp\/v2\/pages\/262\/revisions"}],"predecessor-version":[{"id":263,"href":"https:\/\/www.srkvaki.fi\/index.php\/wp-json\/wp\/v2\/pages\/262\/revisions\/263"}],"up":[{"embeddable":true,"href":"https:\/\/www.srkvaki.fi\/index.php\/wp-json\/wp\/v2\/pages\/36"}],"wp:attachment":[{"href":"https:\/\/www.srkvaki.fi\/index.php\/wp-json\/wp\/v2\/media?parent=262"}],"curies":[{"name":"wp","href":"https:\/\/api.w.org\/{rel}","templated":true}]}}