{"id":268,"date":"2023-04-08T16:06:33","date_gmt":"2023-04-08T16:06:33","guid":{"rendered":"https:\/\/www.srkvaki.fi\/?page_id=268"},"modified":"2024-08-10T20:07:31","modified_gmt":"2024-08-10T17:07:31","slug":"sirpa-kuusela","status":"publish","type":"page","link":"https:\/\/www.srkvaki.fi\/index.php\/ryhmamme-edustajat-yhteisessa-kirkkovaltuustossa\/sirpa-kuusela\/","title":{"rendered":"Sirpa Kuusela"},"content":{"rendered":"\n<div class=\"wp-block-columns is-layout-flex wp-container-core-columns-is-layout-9d6595d7 wp-block-columns-is-layout-flex\">\n<div class=\"wp-block-column is-layout-flow wp-block-column-is-layout-flow\" style=\"flex-basis:33.33%\">\n<figure class=\"wp-block-image size-full\"><img loading=\"lazy\" decoding=\"async\" width=\"221\" height=\"332\" src=\"https:\/\/www.srkvaki.fi\/wp-content\/uploads\/2023\/04\/Kuusela_Sirpa_srk-vaalit_2022.png\" alt=\"\" class=\"wp-image-240\" srcset=\"https:\/\/www.srkvaki.fi\/wp-content\/uploads\/2023\/04\/Kuusela_Sirpa_srk-vaalit_2022.png 221w, https:\/\/www.srkvaki.fi\/wp-content\/uploads\/2023\/04\/Kuusela_Sirpa_srk-vaalit_2022-200x300.png 200w\" sizes=\"auto, (max-width: 221px) 100vw, 221px\" \/><\/figure>\n<\/div>\n\n\n\n<div class=\"wp-block-column is-layout-flow wp-block-column-is-layout-flow\" style=\"flex-basis:66.66%\">\n<p>Seurakunta: Messukyl\u00e4n seurakunta<\/p>\n\n\n\n<p>J\u00e4sen Yhteisess\u00e4 kirkkovaltuustossa<\/p>\n\n\n\n<p>J\u00e4sen Messukyl\u00e4n seurakunnan seurakuntaneuvostossa<\/p>\n\n\n\n<p>J\u00e4sen Kiinteist\u00f6- ja hautaustoimen johtokunnassa<\/p>\n\n\n\n<p>Asuinpaikka: Vehmainen<\/p>\n\n\n\n<p>Arvo\/ammatti: YTM, yritt\u00e4j\u00e4<\/p>\n<\/div>\n<\/div>\n\n\n\n<p>Koen, ett\u00e4 seuraavat asiat ovat t\u00e4rkeit\u00e4 seurakuntaty\u00f6ss\u00e4:<\/p>\n\n\n\n<p>S\u00e4ilytet\u00e4\u00e4n Messukyl\u00e4n ja Vehmaisten seurakuntatalot \u2013 Vehmaisissakin t\u00e4m\u00e4 on ainoa kristillisen yhteis\u00f6n merkki ja viesti kirkon olemassaolosta. Lis\u00e4t\u00e4\u00e4n arjen seurakuntaty\u00f6t\u00e4 kyliin.<\/p>\n\n\n\n<p>S\u00e4ilytet\u00e4\u00e4n Pitk\u00e4j\u00e4rven ja Kaukaj\u00e4rven vesist\u00f6 ja ymp\u00e4r\u00f6iv\u00e4t mets\u00e4t ihmisille mielen ja ruumiin virkistykseksi ja yhteyden&nbsp;luomiseksi&nbsp;ja yll\u00e4pit\u00e4miseksi Luojaamme. &nbsp;Meille on annettu edelleen jaettavaksi viisi leip\u00e4\u00e4 ja kaksi kalaa. Kun kaikki on huolella jaettu&nbsp;ja varjeltu&nbsp;\u2013 viel\u00e4 enemm\u00e4n on jaettavaa.<\/p>\n\n\n\n<p>Vahvistetaan seurakuntamme tarjoamaa mielenterveysty\u00f6t\u00e4 ihmisten arjessa \u2013&nbsp;eik\u00e4 se ole tunnustuksellista.<\/p>\n","protected":false},"excerpt":{"rendered":"<p>Seurakunta: Messukyl\u00e4n seurakunta J\u00e4sen Yhteisess\u00e4 kirkkovaltuustossa J\u00e4sen Messukyl\u00e4n seurakunnan seurakuntaneuvostossa J\u00e4sen Kiinteist\u00f6- ja hautaustoimen johtokunnassa<\/p>\n","protected":false},"author":1,"featured_media":0,"parent":36,"menu_order":0,"comment_status":"closed","ping_status":"closed","template":"","meta":{"footnotes":""},"class_list":["post-268","page","type-page","status-publish","hentry"],"_links":{"self":[{"href":"https:\/\/www.srkvaki.fi\/index.php\/wp-json\/wp\/v2\/pages\/268","targetHints":{"allow":["GET"]}}],"collection":[{"href":"https:\/\/www.srkvaki.fi\/index.php\/wp-json\/wp\/v2\/pages"}],"about":[{"href":"https:\/\/www.srkvaki.fi\/index.php\/wp-json\/wp\/v2\/types\/page"}],"author":[{"embeddable":true,"href":"https:\/\/www.srkvaki.fi\/index.php\/wp-json\/wp\/v2\/users\/1"}],"replies":[{"embeddable":true,"href":"https:\/\/www.srkvaki.fi\/index.php\/wp-json\/wp\/v2\/comments?post=268"}],"version-history":[{"count":1,"href":"https:\/\/www.srkvaki.fi\/index.php\/wp-json\/wp\/v2\/pages\/268\/revisions"}],"predecessor-version":[{"id":269,"href":"https:\/\/www.srkvaki.fi\/index.php\/wp-json\/wp\/v2\/pages\/268\/revisions\/269"}],"up":[{"embeddable":true,"href":"https:\/\/www.srkvaki.fi\/index.php\/wp-json\/wp\/v2\/pages\/36"}],"wp:attachment":[{"href":"https:\/\/www.srkvaki.fi\/index.php\/wp-json\/wp\/v2\/media?parent=268"}],"curies":[{"name":"wp","href":"https:\/\/api.w.org\/{rel}","templated":true}]}}