{"id":40,"date":"2023-04-08T12:04:00","date_gmt":"2023-04-08T12:04:00","guid":{"rendered":"https:\/\/www.srkvaki.fi\/?page_id=40"},"modified":"2025-09-20T14:10:40","modified_gmt":"2025-09-20T11:10:40","slug":"ryhmamme-edustajat-seurakuntaneuvostoissa","status":"publish","type":"page","link":"https:\/\/www.srkvaki.fi\/index.php\/ryhmamme-edustajat-seurakuntaneuvostoissa\/","title":{"rendered":"Ryhm\u00e4mme edustajat seurakuntaneuvostoissa"},"content":{"rendered":"\n<p class=\"has-medium-font-size\">Etel\u00e4inen seurakunta<\/p>\n\n\n\n<p><a href=\"https:\/\/www.srkvaki.fi\/index.php\/ryhmamme-edustajat-seurakuntaneuvostoissa\/asko-alajoki\/\">Asko Alajoki<\/a><\/p>\n\n\n\n<p><a href=\"https:\/\/www.srkvaki.fi\/index.php\/ryhmamme-edustajat-seurakuntaneuvostoissa\/pauliina-huhtasalo\/\">Pauliina Huhtasalo<\/a><\/p>\n\n\n\n<p><a href=\"https:\/\/www.srkvaki.fi\/index.php\/ryhmamme-edustajat-seurakuntaneuvostoissa\/taina-lampu\/\">Taina Lampu<\/a><\/p>\n\n\n\n<p><a href=\"https:\/\/www.srkvaki.fi\/index.php\/ryhmamme-edustajat-seurakuntaneuvostoissa\/ilpo-lahteinen\/\">Ilpo L\u00e4hteinen<\/a><\/p>\n\n\n\n<p><a href=\"https:\/\/www.srkvaki.fi\/index.php\/ryhmamme-edustajat-seurakuntaneuvostoissa\/antti-pitkamaki\/\">Antti Pitk\u00e4m\u00e4ki<\/a><\/p>\n\n\n\n<p><a href=\"https:\/\/www.srkvaki.fi\/index.php\/eero-valento\/\">Eero Valento<\/a><\/p>\n\n\n\n<p class=\"has-medium-font-size\">Harjun seurakunta<\/p>\n\n\n\n<p><a href=\"https:\/\/www.srkvaki.fi\/index.php\/ryhmamme-edustajat-seurakuntaneuvostoissa\/seija-alatalo\/\">Seija Alatalo<\/a><\/p>\n\n\n\n<p><a href=\"https:\/\/www.srkvaki.fi\/index.php\/ryhmamme-edustajat-seurakuntaneuvostoissa\/anneli-hukari\/\">Anneli Hukari<\/a><\/p>\n\n\n\n<p>Markku Kivel\u00e4<\/p>\n\n\n\n<p>Jarmo Lehtinen<\/p>\n\n\n\n<p><a href=\"https:\/\/www.srkvaki.fi\/index.php\/ryhmamme-edustajat-seurakuntaneuvostoissa\/risto-salmela\/\">Risto Salmela<\/a><\/p>\n\n\n\n<p><a href=\"https:\/\/www.srkvaki.fi\/index.php\/ryhmamme-edustajat-seurakuntaneuvostoissa\/juha-pekka-skytta\/\">Juha-Pekka Skytt\u00e4<\/a><\/p>\n\n\n\n<p class=\"has-medium-font-size\">Messukyl\u00e4n seurakunta<\/p>\n\n\n\n<p><a href=\"https:\/\/www.srkvaki.fi\/index.php\/ryhmamme-edustajat-seurakuntaneuvostoissa\/sirpa-kuusela\/\">Sirpa Kuusela<\/a><\/p>\n\n\n\n<p><a href=\"https:\/\/www.srkvaki.fi\/index.php\/ryhmamme-edustajat-seurakuntaneuvostoissa\/sirpa-pursiainen\/\">Sirpa Pursiainen-Hautala<\/a><\/p>\n\n\n\n<p><a href=\"https:\/\/www.srkvaki.fi\/index.php\/ryhmamme-edustajat-seurakuntaneuvostoissa\/satu-turunen\/\">Satu Turunen<\/a><\/p>\n\n\n\n<p class=\"has-medium-font-size\">Tuomiokirkkoseurakunta<\/p>\n\n\n\n<p>Pentti Arvola<\/p>\n\n\n\n<p><a href=\"https:\/\/www.srkvaki.fi\/index.php\/ryhmamme-edustajat-seurakuntaneuvostoissa\/tiina-eskelinen\/\">Tiina Eskelinen<\/a><\/p>\n\n\n\n<p><a href=\"https:\/\/www.srkvaki.fi\/index.php\/ryhmamme-edustajat-seurakuntaneuvostoissa\/sirkka-simonen\/\">Sirkka Simonen<\/a><\/p>\n\n\n\n<p><a href=\"https:\/\/www.srkvaki.fi\/index.php\/ryhmamme-edustajat-seurakuntaneuvostoissa\/riitta-sompa-hokkanen\/\">Riitta Sompa-Hokkanen<\/a><\/p>\n","protected":false},"excerpt":{"rendered":"<p>Etel\u00e4inen seurakunta Asko Alajoki Pauliina Huhtasalo Taina Lampu Ilpo L\u00e4hteinen Antti Pitk\u00e4m\u00e4ki Eero Valento Harjun<\/p>\n","protected":false},"author":1,"featured_media":0,"parent":0,"menu_order":0,"comment_status":"closed","ping_status":"closed","template":"","meta":{"footnotes":""},"class_list":["post-40","page","type-page","status-publish","hentry"],"_links":{"self":[{"href":"https:\/\/www.srkvaki.fi\/index.php\/wp-json\/wp\/v2\/pages\/40","targetHints":{"allow":["GET"]}}],"collection":[{"href":"https:\/\/www.srkvaki.fi\/index.php\/wp-json\/wp\/v2\/pages"}],"about":[{"href":"https:\/\/www.srkvaki.fi\/index.php\/wp-json\/wp\/v2\/types\/page"}],"author":[{"embeddable":true,"href":"https:\/\/www.srkvaki.fi\/index.php\/wp-json\/wp\/v2\/users\/1"}],"replies":[{"embeddable":true,"href":"https:\/\/www.srkvaki.fi\/index.php\/wp-json\/wp\/v2\/comments?post=40"}],"version-history":[{"count":6,"href":"https:\/\/www.srkvaki.fi\/index.php\/wp-json\/wp\/v2\/pages\/40\/revisions"}],"predecessor-version":[{"id":1507,"href":"https:\/\/www.srkvaki.fi\/index.php\/wp-json\/wp\/v2\/pages\/40\/revisions\/1507"}],"wp:attachment":[{"href":"https:\/\/www.srkvaki.fi\/index.php\/wp-json\/wp\/v2\/media?parent=40"}],"curies":[{"name":"wp","href":"https:\/\/api.w.org\/{rel}","templated":true}]}}